{"id":3,"date":"2020-05-27T20:38:01","date_gmt":"2020-05-27T17:38:01","guid":{"rendered":"https:\/\/www.maxaesthetics.net\/?page_id=3"},"modified":"2025-08-26T23:13:25","modified_gmt":"2025-08-26T20:13:25","slug":"privacy-policy","status":"publish","type":"page","link":"https:\/\/www.maxaesthetics.tr\/de\/privacy-policy\/","title":{"rendered":"Datenschutzbestimmungen"},"content":{"rendered":"<section class=\"section\" id=\"section_1178771390\">\n\t\t<div class=\"section-bg fill\" >\n\t\t\t\t\t\t\t\t\t\n\t\t\t\n\n\t\t<\/div>\n\n\t\t\n\n\t\t<div class=\"section-content relative\">\n\t\t\t\n\n<div class=\"row\"  id=\"row-841453586\">\n\n\n\t<div id=\"col-1069069841\" class=\"col small-12 large-12\"  >\n\t\t\t\t<div class=\"col-inner\"  >\n\t\t\t\n\t\t\t\n\n<p class=\"ds-markdown-paragraph\"><strong>Zuletzt aktualisiert:<\/strong> 26.08.2025<\/p>\n<p class=\"ds-markdown-paragraph\"><strong>Max \u00c4sthetik<\/strong>\u00a0(\u201cwir\u201d, \u201cuns\u201d, \u201cunser\u201d), ein Dienst, der von\u00a0<strong>Max Group Tourism D\u0131\u015f Ticaret Limited \u015eirketi<\/strong>, ist dem Schutz Ihrer Privatsph\u00e4re verpflichtet. In dieser Datenschutzerkl\u00e4rung wird erl\u00e4utert, wie wir Ihre personenbezogenen Daten beim Besuch unserer Website erfassen, verwenden, weitergeben und sch\u00fctzen\u00a0<a href=\"https:\/\/www.maxaesthetics.tr\/de\/\" target=\"_blank\" rel=\"noopener noreferrer\">maxaesthetics.tr<\/a>, nutzen Sie unsere Online-Buchungsdienste, nehmen Sie Kontakt mit uns auf oder engagieren Sie sich als Patient oder Kunde.<\/p>\n<p class=\"ds-markdown-paragraph\">Durch die Nutzung unserer Dienste erkl\u00e4ren Sie sich mit den in dieser Richtlinie beschriebenen Datenpraktiken einverstanden. Wenn Sie mit den Bedingungen nicht einverstanden sind, bitten wir Sie, nicht auf die Website zuzugreifen oder uns Ihre pers\u00f6nlichen Daten zur Verf\u00fcgung zu stellen.<\/p>\n<h4>1. Informationen, die wir sammeln<\/h4>\n<p class=\"ds-markdown-paragraph\">Wir sammeln Informationen, die Sie uns direkt zur Verf\u00fcgung stellen und automatisch, wenn Sie unsere Dienste nutzen.<\/p>\n<p class=\"ds-markdown-paragraph\"><strong>A. Informationen, die Sie freiwillig zur Verf\u00fcgung stellen:<\/strong><\/p>\n<ul>\n<li>\n<p class=\"ds-markdown-paragraph\"><strong>Kontaktinformationen:<\/strong>\u00a0Name, E-Mail-Adresse, Telefonnummer, Land des Wohnsitzes.<\/p>\n<\/li>\n<li>\n<p class=\"ds-markdown-paragraph\"><strong>Demografische Informationen:<\/strong>\u00a0Alter, Geschlecht.<\/p>\n<\/li>\n<li>\n<p class=\"ds-markdown-paragraph\"><strong>Gesundheitsinformationen (besondere Datenkategorie):<\/strong>\u00a0Diese Daten werden bei Beratungsgespr\u00e4chen oder Anfragen erhoben, um die Eignung f\u00fcr eine Behandlung festzustellen. Sie k\u00f6nnen die Krankengeschichte, den aktuellen Gesundheitszustand, die Einnahme von Medikamenten, \u00e4sthetische Bedenken und von Ihnen zur Verf\u00fcgung gestellte Fotos umfassen.\u00a0<strong>Wir holen Ihre ausdr\u00fcckliche und informierte Zustimmung ein, bevor wir diese sensiblen Daten sammeln und verarbeiten.<\/strong><\/p>\n<\/li>\n<li>\n<p class=\"ds-markdown-paragraph\"><strong>Informationen zu Buchungen und Anfragen:<\/strong>\u00a0Ihre bevorzugten Verfahren, die gew\u00fcnschten Termine f\u00fcr die Konsultation oder Behandlung und alle Fragen, die Sie stellen.<\/p>\n<\/li>\n<li>\n<p class=\"ds-markdown-paragraph\"><strong>Zahlungsinformationen:<\/strong>\u00a0Wenn Sie einen Kauf t\u00e4tigen (z. B. f\u00fcr Produkte oder Einzahlungen), bearbeitet unser Zahlungsabwickler (Iyzico) Ihre Kartendaten. Wir speichern keine vollst\u00e4ndigen Kreditkarteninformationen auf unseren Servern.<\/p>\n<\/li>\n<li>\n<p class=\"ds-markdown-paragraph\"><strong>Kommunikationsaufzeichnungen:<\/strong>\u00a0Kopien Ihrer Kommunikation mit uns \u00fcber E-Mail, WhatsApp, Kontaktformulare oder Anrufe.<\/p>\n<\/li>\n<\/ul>\n<p class=\"ds-markdown-paragraph\"><strong>B. Automatisch gesammelte Informationen:<\/strong><\/p>\n<ul>\n<li>\n<p class=\"ds-markdown-paragraph\"><strong>Verwendungsdaten:<\/strong>\u00a0Informationen \u00fcber Ihre Interaktion mit unserer Website, wie z. B. Ihre IP-Adresse, Browsertyp, Ger\u00e4teinformationen, besuchte Seiten, Verweildauer auf den Seiten und verweisende Website-Adressen. Dies wird durch Cookies und \u00e4hnliche Tracking-Technologien erfasst.<\/p>\n<\/li>\n<\/ul>\n<h4>2. Wie wir Ihre Informationen verwenden<\/h4>\n<p class=\"ds-markdown-paragraph\">Wir verwenden die von uns gesammelten Informationen f\u00fcr die folgenden Zwecke:<\/p>\n<ul>\n<li>\n<p class=\"ds-markdown-paragraph\">Zur Planung, Verwaltung und Best\u00e4tigung Ihrer Konsultationen und Termine.<\/p>\n<\/li>\n<li>\n<p class=\"ds-markdown-paragraph\">Erleichterung Ihrer medizinisch-touristischen Reise, einschlie\u00dflich der Reise- und Unterkunftslogistik.<\/p>\n<\/li>\n<li>\n<p class=\"ds-markdown-paragraph\">Um Ihre Eignung f\u00fcr die gew\u00fcnschten \u00e4sthetischen Eingriffe zu beurteilen und um den unabh\u00e4ngigen medizinischen Fachleuten, die Sie behandeln werden, Informationen zur Verf\u00fcgung zu stellen.<\/p>\n<\/li>\n<li>\n<p class=\"ds-markdown-paragraph\">Um auf Ihre Anfragen, Kommentare und W\u00fcnsche zu reagieren.<\/p>\n<\/li>\n<li>\n<p class=\"ds-markdown-paragraph\">Um Transaktionen zu verarbeiten und Ihnen damit verbundene Informationen, einschlie\u00dflich Best\u00e4tigungen und Rechnungen, zuzusenden.<\/p>\n<\/li>\n<li>\n<p class=\"ds-markdown-paragraph\">Um Ihnen administrative Informationen zukommen zu lassen, wie zum Beispiel Aktualisierungen unserer Richtlinien.<\/p>\n<\/li>\n<li>\n<p class=\"ds-markdown-paragraph\"><strong>F\u00fcr Marketingzwecke:<\/strong>\u00a0Um Ihnen Informationen \u00fcber Dienstleistungen, Angebote und Werbeaktionen zukommen zu lassen, von denen wir glauben, dass sie f\u00fcr Sie von Interesse sein k\u00f6nnten,\u00a0<strong>aber nur, wenn Sie uns dazu ausdr\u00fccklich Ihre Zustimmung gegeben haben.<\/strong>\u00a0Sie k\u00f6nnen sich jederzeit von Marketingmitteilungen abmelden.<\/p>\n<\/li>\n<li>\n<p class=\"ds-markdown-paragraph\">Um unsere Website, Dienste und Marketingstrategien zu analysieren und zu verbessern (siehe Abschnitt 4 \u00fcber Cookies).<\/p>\n<\/li>\n<li>\n<p class=\"ds-markdown-paragraph\">Zum Schutz unserer Rechte, unseres Eigentums oder unserer Sicherheit sowie der unserer Nutzer und Dritter.<\/p>\n<\/li>\n<li>\n<p class=\"ds-markdown-paragraph\">Zur Erf\u00fcllung rechtlicher und regulatorischer Verpflichtungen.<\/p>\n<\/li>\n<\/ul>\n<h4>3. Rechtsgrundlage f\u00fcr die Verarbeitung (GDPR &amp; KVKK)<\/h4>\n<p class=\"ds-markdown-paragraph\">Wir verarbeiten Ihre personenbezogenen Daten auf der Grundlage der folgenden Rechtsgrundlagen:<\/p>\n<ul>\n<li>\n<p class=\"ds-markdown-paragraph\"><strong>Erf\u00fcllung eines Vertrags:<\/strong>\u00a0Zur Erf\u00fcllung unserer Verpflichtungen im Zusammenhang mit Ihrer Buchung und Ihrem Dienstleistungsvertrag.<\/p>\n<\/li>\n<li>\n<p class=\"ds-markdown-paragraph\"><strong>Einverstanden:<\/strong>\u00a0F\u00fcr das Versenden von Marketingmitteilungen, f\u00fcr die Verwendung nicht wesentlicher Cookies und f\u00fcr die Verarbeitung von Gesundheitsdaten besonderer Art. Sie k\u00f6nnen Ihre Einwilligung jederzeit widerrufen.<\/p>\n<\/li>\n<li>\n<p class=\"ds-markdown-paragraph\"><strong>Berechtigte Interessen:<\/strong>\u00a0Zum Betrieb unserer Website, zur Analyse von Nutzerdaten und zur Gew\u00e4hrleistung der Sicherheit, sofern Ihre Grundrechte diese Interessen nicht \u00fcberwiegen.<\/p>\n<\/li>\n<li>\n<p class=\"ds-markdown-paragraph\"><strong>Gesetzliche Verpflichtung:<\/strong>\u00a0Einhaltung der t\u00fcrkischen Gesundheitstourismus- und Steuervorschriften.<\/p>\n<\/li>\n<\/ul>\n<h4>4. Cookies und Tracking-Technologien<\/h4>\n<p class=\"ds-markdown-paragraph\">Unsere Website verwendet Cookies und \u00e4hnliche Tracking-Technologien, um pers\u00f6nliche Informationen \u00fcber Sie zu sammeln und zu verwenden, auch um interessenbezogene Werbung zu schalten.<\/p>\n<ul>\n<li>\n<p class=\"ds-markdown-paragraph\"><strong>Was sind Cookies:<\/strong>\u00a0Cookies sind kleine Datendateien, die auf Ihrem Computer oder Mobilger\u00e4t gespeichert werden, wenn Sie eine Website besuchen. Sie werden h\u00e4ufig verwendet, um Websites effizienter zu gestalten und Informationen f\u00fcr die Berichterstattung bereitzustellen.<\/p>\n<\/li>\n<li>\n<p class=\"ds-markdown-paragraph\"><strong>Arten von Cookies, die wir verwenden:<\/strong><\/p>\n<ul>\n<li>\n<p class=\"ds-markdown-paragraph\"><strong>Wesentliche Cookies:<\/strong>\u00a0Sie sind f\u00fcr das Funktionieren der Website erforderlich und k\u00f6nnen nicht abgeschaltet werden. Sie werden in der Regel nur als Reaktion auf Ihre Handlungen gesetzt, z. B. wenn Sie Ihre Datenschutzeinstellungen festlegen oder Formulare ausf\u00fcllen.<\/p>\n<\/li>\n<li>\n<p class=\"ds-markdown-paragraph\"><strong>Analytische\/Leistungs-Cookies:<\/strong>\u00a0Sie erm\u00f6glichen es uns, Besuche und Verkehrsquellen zu z\u00e4hlen, damit wir die Leistung unserer Website messen und verbessern k\u00f6nnen. Sie helfen uns zu wissen, welche Seiten beliebt sind und wie sich die Besucher auf der Website bewegen. Wir verwenden\u00a0<strong>Google Analytics<\/strong>\u00a0zu diesem Zweck.<\/p>\n<\/li>\n<li>\n<p class=\"ds-markdown-paragraph\"><strong>Zielgerichtete Cookies:<\/strong>\u00a0Diese Cookies k\u00f6nnen \u00fcber unsere Website von unseren Werbepartnern gesetzt werden (wie\u00a0<strong>Meta-Pixel<\/strong>). Sie k\u00f6nnen von diesen Unternehmen verwendet werden, um ein Profil Ihrer Interessen zu erstellen und Ihnen relevante Werbung auf anderen Websites anzuzeigen. Sie speichern keine direkten pers\u00f6nlichen Informationen, sondern basieren auf der eindeutigen Identifizierung Ihres Browsers und Internetger\u00e4ts.<\/p>\n<\/li>\n<\/ul>\n<\/li>\n<li>\n<p class=\"ds-markdown-paragraph\"><strong>Wie man Cookies kontrolliert:<\/strong>\u00a0Sie k\u00f6nnen Ihren Browser so einstellen, dass alle oder einige Browser-Cookies abgelehnt werden oder dass Sie gewarnt werden, wenn Websites Cookies setzen oder darauf zugreifen. Wenn Sie Cookies deaktivieren oder ablehnen, beachten Sie bitte, dass einige Teile dieser Website m\u00f6glicherweise nicht mehr zug\u00e4nglich sind oder nicht mehr richtig funktionieren. Sie k\u00f6nnen Google Analytics auch deaktivieren, indem Sie das Browser-Add-on f\u00fcr die Deaktivierung von Google installieren, und Ihre Einstellungen f\u00fcr Facebook-Werbung \u00fcber Ihre Facebook-Kontoeinstellungen anpassen.<\/p>\n<\/li>\n<\/ul>\n<h4>5. Wie wir Ihre Informationen weitergeben<\/h4>\n<p class=\"ds-markdown-paragraph\">Wir k\u00f6nnen Ihre Informationen weitergeben an:<\/p>\n<ul>\n<li>\n<p class=\"ds-markdown-paragraph\"><strong>Unabh\u00e4ngige medizinische Fachkr\u00e4fte und Kliniken:<\/strong>\u00a0Wir geben die notwendigen Gesundheits- und Kontaktinformationen an die zugelassenen \u00c4rzte und Kliniken in der T\u00fcrkei weiter, die Ihre Konsultation und Behandlung durchf\u00fchren werden.\u00a0<strong>Diese medizinischen Dienstleister sind verpflichtet, Patientenakten 20 Jahre lang zu archivieren.<\/strong><\/p>\n<\/li>\n<li>\n<p class=\"ds-markdown-paragraph\"><strong>Anbieter von Dienstleistungen:<\/strong>\u00a0Vertrauensw\u00fcrdige Dritte, die uns beim Betrieb unserer Website, bei der Abwicklung unserer Gesch\u00e4fte und bei der Erbringung von Dienstleistungen f\u00fcr Sie unterst\u00fctzen. Dies schlie\u00dft ein:<\/p>\n<ul>\n<li>\n<p class=\"ds-markdown-paragraph\"><strong>Iyzico:<\/strong>\u00a0Unser Partner f\u00fcr die Zahlungsabwicklung.<\/p>\n<\/li>\n<li>\n<p class=\"ds-markdown-paragraph\"><strong>Google Analytics und Meta:<\/strong>\u00a0F\u00fcr die Analyse der Website und die Nachverfolgung der Werbung.<\/p>\n<\/li>\n<li>\n<p class=\"ds-markdown-paragraph\">IT-Dienstleistungen, Hotelpartner und \u00dcbersetzer.<br \/>Diese Parteien sind verpflichtet, Ihre Daten vertraulich zu behandeln.<\/p>\n<\/li>\n<\/ul>\n<\/li>\n<li>\n<p class=\"ds-markdown-paragraph\"><strong>Rechtliche Anforderungen:<\/strong>\u00a0Wir k\u00f6nnen Informationen offenlegen, wenn dies gesetzlich vorgeschrieben ist oder als Reaktion auf berechtigte Anfragen von Beh\u00f6rden (z. B. einem Gericht oder einer Regierungsbeh\u00f6rde).<\/p>\n<\/li>\n<li>\n<p class=\"ds-markdown-paragraph\"><strong>Unternehmens\u00fcbertragungen:<\/strong>\u00a0In Verbindung mit einer Fusion, einer \u00dcbernahme oder einem Verkauf aller oder eines Teils unserer Verm\u00f6genswerte.<\/p>\n<\/li>\n<\/ul>\n<h4>6. Internationale Daten\u00fcbermittlung<\/h4>\n<p class=\"ds-markdown-paragraph\">Als Unternehmen des Gesundheitstourismus werden Ihre Daten in die Republik T\u00fcrkiye \u00fcbermittelt und dort verarbeitet. Wir stellen sicher, dass alle Daten\u00fcbertragungen durch angemessene Sicherheitsvorkehrungen gem\u00e4\u00df den Datenschutzgesetzen gesch\u00fctzt sind.<\/p>\n<h4>7. Vorratsdatenspeicherung<\/h4>\n<p class=\"ds-markdown-paragraph\">Wir werden Ihre personenbezogenen Daten nur so lange aufbewahren, wie es f\u00fcr die in dieser Richtlinie dargelegten Zwecke und zur Erf\u00fcllung unserer rechtlichen Verpflichtungen erforderlich ist.<\/p>\n<ul>\n<li>\n<p class=\"ds-markdown-paragraph\"><strong>Medizinische Patientenakten:<\/strong>\u00a0Wir erleichtern die \u00dcbermittlung Ihrer medizinischen Daten an das betreibende Krankenhaus oder die Klinik, die nach t\u00fcrkischem Recht unabh\u00e4ngig davon verpflichtet sind, diese Daten aufzubewahren, und zwar\u00a0<strong>20 Jahre<\/strong>.<\/p>\n<\/li>\n<li>\n<p class=\"ds-markdown-paragraph\"><strong>Andere pers\u00f6nliche Daten:<\/strong>\u00a0Andere personenbezogene Daten (z. B. Kontaktinformationen, Anfragen, Buchungsdetails) werden von uns so lange gespeichert, wie es f\u00fcr die Erf\u00fcllung unserer vertraglichen Verpflichtungen, die Erbringung von Dienstleistungen und die Einhaltung unserer gesetzlichen und steuerlichen Verpflichtungen erforderlich ist (in der Regel\u00a0<strong>10 Jahre<\/strong>\u00a0ab dem Datum der letzten Interaktion, es sei denn, eine l\u00e4ngere Frist ist gesetzlich vorgeschrieben).<\/p>\n<\/li>\n<\/ul>\n<p class=\"ds-markdown-paragraph\">Nach Ablauf der Aufbewahrungsfrist werden Ihre Daten sicher gel\u00f6scht oder anonymisiert.<\/p>\n<h4>8. Ihre Datenschutzrechte<\/h4>\n<p class=\"ds-markdown-paragraph\">Je nach Standort und geltendem Recht (wie GDPR oder KVKK) haben Sie das Recht auf:<\/p>\n<ul>\n<li>\n<p class=\"ds-markdown-paragraph\"><strong>Zugang<\/strong>\u00a0und erhalten eine Kopie Ihrer pers\u00f6nlichen Daten.<\/p>\n<\/li>\n<li>\n<p class=\"ds-markdown-paragraph\"><strong>Richtigstellen<\/strong>\u00a0ungenaue oder unvollst\u00e4ndige Daten, die wir \u00fcber Sie gespeichert haben.<\/p>\n<\/li>\n<li>\n<p class=\"ds-markdown-paragraph\"><strong>l\u00f6schen.<\/strong>\u00a0Ihre personenbezogenen Daten unter bestimmten Bedingungen zu vergessen (\u201cRecht auf Vergessenwerden\u201d).<\/p>\n<\/li>\n<li>\n<p class=\"ds-markdown-paragraph\"><strong>einschr\u00e4nken.<\/strong>\u00a0die Verarbeitung Ihrer Daten.<\/p>\n<\/li>\n<li>\n<p class=\"ds-markdown-paragraph\"><strong>Objekt<\/strong>\u00a0der Verarbeitung auf der Grundlage berechtigter Interessen.<\/p>\n<\/li>\n<li>\n<p class=\"ds-markdown-paragraph\"><strong>Daten\u00fcbertragbarkeit:<\/strong>\u00a0Sie erhalten Ihre Daten in einem strukturierten, maschinenlesbaren Format.<\/p>\n<\/li>\n<li>\n<p class=\"ds-markdown-paragraph\"><strong>Zustimmung zur\u00fcckziehen<\/strong>\u00a0jederzeit, wenn wir uns auf Ihre Zustimmung zur Verarbeitung Ihrer Daten st\u00fctzen.<\/p>\n<\/li>\n<li>\n<p class=\"ds-markdown-paragraph\"><strong>Abmeldung von Marketing-Mitteilungen:<\/strong>\u00a0Sie k\u00f6nnen sich von unseren Marketing-E-Mails abmelden, indem Sie auf den darin enthaltenen Link \u201cAbmelden\u201d klicken.<\/p>\n<\/li>\n<\/ul>\n<p class=\"ds-markdown-paragraph\">Wenn Sie eines dieser Rechte aus\u00fcben m\u00f6chten, setzen Sie sich bitte mit uns in Verbindung, indem Sie die Angaben im Abschnitt \u201cKontakt\u201d unten verwenden.<\/p>\n<h4>9. Datensicherheit<\/h4>\n<p class=\"ds-markdown-paragraph\">Wir ergreifen geeignete technische und organisatorische Ma\u00dfnahmen, um Ihre personenbezogenen Daten vor unbefugtem Zugriff, Ver\u00e4nderung, Weitergabe oder Zerst\u00f6rung zu sch\u00fctzen. Allerdings ist keine Methode der \u00dcbertragung \u00fcber das Internet oder der elektronischen Speicherung 100% sicher, und wir k\u00f6nnen ihre absolute Sicherheit nicht garantieren.<\/p>\n<h4>10. Privatsph\u00e4re der Kinder<\/h4>\n<p class=\"ds-markdown-paragraph\">Unsere Dienste sind nicht f\u00fcr Personen unter 18 Jahren bestimmt. Wir sammeln nicht wissentlich personenbezogene Daten von Kindern. Wenn Sie ein Elternteil oder Erziehungsberechtigter sind und glauben, dass Ihr Kind uns Daten zur Verf\u00fcgung gestellt hat, kontaktieren Sie uns bitte, und wir werden sie l\u00f6schen.<\/p>\n<h4>11. \u00c4nderungen an dieser Datenschutzrichtlinie<\/h4>\n<p class=\"ds-markdown-paragraph\">Wir k\u00f6nnen diese Richtlinie von Zeit zu Zeit aktualisieren. Die aktualisierte Version wird durch ein neues Datum \u201cLetzte Aktualisierung\u201d gekennzeichnet und tritt unmittelbar nach der Ver\u00f6ffentlichung in Kraft. Wir empfehlen Ihnen, diese Richtlinie regelm\u00e4\u00dfig zu lesen, um sich dar\u00fcber zu informieren, wie wir Ihre Daten sch\u00fctzen.<\/p>\n<h4>12. Kontakt<\/h4>\n<p class=\"ds-markdown-paragraph\">Wenn Sie Fragen, Bedenken oder W\u00fcnsche bez\u00fcglich dieser Datenschutzrichtlinie oder unserer Datenpraktiken haben, wenden Sie sich bitte an uns:<\/p>\n<p class=\"ds-markdown-paragraph\"><strong>Max Group Tourism D\u0131\u015f Ticaret Limited \u015eirketi<\/strong><br \/>15 TEMMUZ MAH. BAHAR CAD. TOYA NEXT A2 NO: 3 -5\/2 I\u00c7<br \/>KAPI NR: 223 BAGCILAR\/ ISTANBUL<br \/><strong>E-Mail:<\/strong>\u00a0<a href=\"https:\/\/mailto:info@maxaesthetics.tr\/\" target=\"_blank\" rel=\"noopener noreferrer\">Klicken Sie hier, um eine E-Mail zu senden<\/a><br \/><strong>Telefon:<\/strong> +90 545 450 4976<\/p>\n\n\t\t<\/div>\n\t\t\t\t\t<\/div>\n\n\t\n\n<\/div>\n\n\t\t<\/div>\n\n\t\t\n<style>\n#section_1178771390 {\n  padding-top: 30px;\n  padding-bottom: 30px;\n}\n<\/style>\n\t<\/section>","protected":false},"excerpt":{"rendered":"","protected":false},"author":1,"featured_media":0,"parent":0,"menu_order":63,"comment_status":"closed","ping_status":"closed","template":"page-blank-title-center.php","meta":{"footnotes":""},"class_list":["post-3","page","type-page","status-publish","hentry"],"yoast_head":"<!-- This site is optimized with the Yoast SEO Premium plugin v22.3 (Yoast SEO v26.9) - https:\/\/yoast.com\/product\/yoast-seo-premium-wordpress\/ -->\n<title>Privacy Policy | Procedure, Recovery, Complications, and More<\/title>\n<meta name=\"robots\" content=\"index, follow, max-snippet:-1, max-image-preview:large, max-video-preview:-1\" \/>\n<link rel=\"canonical\" href=\"https:\/\/www.maxaesthetics.tr\/de\/privacy-policy\/\" \/>\n<meta property=\"og:locale\" content=\"de_DE\" \/>\n<meta property=\"og:type\" content=\"article\" \/>\n<meta property=\"og:title\" content=\"Privacy Policy\" \/>\n<meta property=\"og:url\" content=\"https:\/\/www.maxaesthetics.tr\/de\/privacy-policy\/\" \/>\n<meta property=\"og:site_name\" content=\"Max Aesthetics\" \/>\n<meta property=\"article:publisher\" content=\"https:\/\/www.facebook.com\/MaxAestheticsTr\" \/>\n<meta property=\"article:modified_time\" content=\"2025-08-26T20:13:25+00:00\" \/>\n<meta property=\"og:image\" content=\"https:\/\/www.maxaesthetics.tr\/wp-content\/uploads\/PlasticBgDeneme.jpg\" \/>\n\t<meta property=\"og:image:width\" content=\"1920\" \/>\n\t<meta property=\"og:image:height\" content=\"1080\" \/>\n\t<meta property=\"og:image:type\" content=\"image\/jpeg\" \/>\n<meta name=\"twitter:card\" content=\"summary_large_image\" \/>\n<meta name=\"twitter:label1\" content=\"Gesch\u00e4tzte Lesezeit\" \/>\n\t<meta name=\"twitter:data1\" content=\"7\u00a0Minuten\" \/>\n<script type=\"application\/ld+json\" class=\"yoast-schema-graph\">{\"@context\":\"https:\/\/schema.org\",\"@graph\":[{\"@type\":[\"WebPage\",\"MedicalWebPage\"],\"@id\":\"https:\/\/www.maxaesthetics.tr\/privacy-policy\/\",\"url\":\"https:\/\/www.maxaesthetics.tr\/privacy-policy\/\",\"name\":\"Privacy Policy | Procedure, Recovery, Complications, and More\",\"isPartOf\":{\"@id\":\"https:\/\/www.maxaesthetics.tr\/#website\"},\"datePublished\":\"2020-05-27T17:38:01+00:00\",\"dateModified\":\"2025-08-26T20:13:25+00:00\",\"breadcrumb\":{\"@id\":\"https:\/\/www.maxaesthetics.tr\/privacy-policy\/#breadcrumb\"},\"inLanguage\":\"de\",\"potentialAction\":[{\"@type\":\"ReadAction\",\"target\":[\"https:\/\/www.maxaesthetics.tr\/privacy-policy\/\"]}]},{\"@type\":\"BreadcrumbList\",\"@id\":\"https:\/\/www.maxaesthetics.tr\/privacy-policy\/#breadcrumb\",\"itemListElement\":[{\"@type\":\"ListItem\",\"position\":1,\"name\":\"Home\",\"item\":\"https:\/\/www.maxaesthetics.tr\/\"},{\"@type\":\"ListItem\",\"position\":2,\"name\":\"Privacy Policy\"}]},{\"@type\":\"WebSite\",\"@id\":\"https:\/\/www.maxaesthetics.tr\/#website\",\"url\":\"https:\/\/www.maxaesthetics.tr\/\",\"name\":\"Max Aesthetics\",\"description\":\"The Leading Provider of Aesthetic and Cosmetic Surgery in Istanbul\",\"publisher\":{\"@id\":\"https:\/\/www.maxaesthetics.tr\/#organization\"},\"potentialAction\":[{\"@type\":\"SearchAction\",\"target\":{\"@type\":\"EntryPoint\",\"urlTemplate\":\"https:\/\/www.maxaesthetics.tr\/?s={search_term_string}\"},\"query-input\":{\"@type\":\"PropertyValueSpecification\",\"valueRequired\":true,\"valueName\":\"search_term_string\"}}],\"inLanguage\":\"de\"},{\"@type\":\"Organization\",\"@id\":\"https:\/\/www.maxaesthetics.tr\/#organization\",\"name\":\"Max Aesthetics & Hair Transplant\",\"url\":\"https:\/\/www.maxaesthetics.tr\/\",\"logo\":{\"@type\":\"ImageObject\",\"inLanguage\":\"de\",\"@id\":\"https:\/\/www.maxaesthetics.tr\/#\/schema\/logo\/image\/\",\"url\":\"\",\"contentUrl\":\"\",\"caption\":\"Max Aesthetics & Hair Transplant\"},\"image\":{\"@id\":\"https:\/\/www.maxaesthetics.tr\/#\/schema\/logo\/image\/\"},\"sameAs\":[\"https:\/\/www.facebook.com\/MaxAestheticsTr\",\"https:\/\/www.instagram.com\/maxaestheticstr\/\"]}]}<\/script>\n<!-- \/ Yoast SEO Premium plugin. -->","yoast_head_json":{"title":"Privacy Policy | Procedure, Recovery, Complications, and More","robots":{"index":"index","follow":"follow","max-snippet":"max-snippet:-1","max-image-preview":"max-image-preview:large","max-video-preview":"max-video-preview:-1"},"canonical":"https:\/\/www.maxaesthetics.tr\/de\/privacy-policy\/","og_locale":"de_DE","og_type":"article","og_title":"Privacy Policy","og_url":"https:\/\/www.maxaesthetics.tr\/de\/privacy-policy\/","og_site_name":"Max Aesthetics","article_publisher":"https:\/\/www.facebook.com\/MaxAestheticsTr","article_modified_time":"2025-08-26T20:13:25+00:00","og_image":[{"width":1920,"height":1080,"url":"https:\/\/www.maxaesthetics.tr\/wp-content\/uploads\/PlasticBgDeneme.jpg","type":"image\/jpeg"}],"twitter_card":"summary_large_image","twitter_misc":{"Gesch\u00e4tzte Lesezeit":"7\u00a0Minuten"},"schema":{"@context":"https:\/\/schema.org","@graph":[{"@type":["WebPage","MedicalWebPage"],"@id":"https:\/\/www.maxaesthetics.tr\/privacy-policy\/","url":"https:\/\/www.maxaesthetics.tr\/privacy-policy\/","name":"Privacy Policy | Procedure, Recovery, Complications, and More","isPartOf":{"@id":"https:\/\/www.maxaesthetics.tr\/#website"},"datePublished":"2020-05-27T17:38:01+00:00","dateModified":"2025-08-26T20:13:25+00:00","breadcrumb":{"@id":"https:\/\/www.maxaesthetics.tr\/privacy-policy\/#breadcrumb"},"inLanguage":"de","potentialAction":[{"@type":"ReadAction","target":["https:\/\/www.maxaesthetics.tr\/privacy-policy\/"]}]},{"@type":"BreadcrumbList","@id":"https:\/\/www.maxaesthetics.tr\/privacy-policy\/#breadcrumb","itemListElement":[{"@type":"ListItem","position":1,"name":"Home","item":"https:\/\/www.maxaesthetics.tr\/"},{"@type":"ListItem","position":2,"name":"Privacy Policy"}]},{"@type":"WebSite","@id":"https:\/\/www.maxaesthetics.tr\/#website","url":"https:\/\/www.maxaesthetics.tr\/","name":"Max \u00c4sthetik","description":"Der f\u00fchrende Anbieter f\u00fcr \u00e4sthetische und kosmetische Chirurgie in Istanbul","publisher":{"@id":"https:\/\/www.maxaesthetics.tr\/#organization"},"potentialAction":[{"@type":"SearchAction","target":{"@type":"EntryPoint","urlTemplate":"https:\/\/www.maxaesthetics.tr\/?s={search_term_string}"},"query-input":{"@type":"PropertyValueSpecification","valueRequired":true,"valueName":"search_term_string"}}],"inLanguage":"de"},{"@type":"Organization","@id":"https:\/\/www.maxaesthetics.tr\/#organization","name":"Max Aesthetics &amp; Haartransplantation","url":"https:\/\/www.maxaesthetics.tr\/","logo":{"@type":"ImageObject","inLanguage":"de","@id":"https:\/\/www.maxaesthetics.tr\/#\/schema\/logo\/image\/","url":"","contentUrl":"","caption":"Max Aesthetics & Hair Transplant"},"image":{"@id":"https:\/\/www.maxaesthetics.tr\/#\/schema\/logo\/image\/"},"sameAs":["https:\/\/www.facebook.com\/MaxAestheticsTr","https:\/\/www.instagram.com\/maxaestheticstr\/"]}]}},"_links":{"self":[{"href":"https:\/\/www.maxaesthetics.tr\/de\/wp-json\/wp\/v2\/pages\/3","targetHints":{"allow":["GET"]}}],"collection":[{"href":"https:\/\/www.maxaesthetics.tr\/de\/wp-json\/wp\/v2\/pages"}],"about":[{"href":"https:\/\/www.maxaesthetics.tr\/de\/wp-json\/wp\/v2\/types\/page"}],"author":[{"embeddable":true,"href":"https:\/\/www.maxaesthetics.tr\/de\/wp-json\/wp\/v2\/users\/1"}],"replies":[{"embeddable":true,"href":"https:\/\/www.maxaesthetics.tr\/de\/wp-json\/wp\/v2\/comments?post=3"}],"version-history":[{"count":2,"href":"https:\/\/www.maxaesthetics.tr\/de\/wp-json\/wp\/v2\/pages\/3\/revisions"}],"predecessor-version":[{"id":9776,"href":"https:\/\/www.maxaesthetics.tr\/de\/wp-json\/wp\/v2\/pages\/3\/revisions\/9776"}],"wp:attachment":[{"href":"https:\/\/www.maxaesthetics.tr\/de\/wp-json\/wp\/v2\/media?parent=3"}],"curies":[{"name":"wp","href":"https:\/\/api.w.org\/{rel}","templated":true}]}}