{"id":3,"date":"2020-05-27T20:38:01","date_gmt":"2020-05-27T17:38:01","guid":{"rendered":"https:\/\/www.maxaesthetics.net\/?page_id=3"},"modified":"2025-08-26T23:13:25","modified_gmt":"2025-08-26T20:13:25","slug":"privacy-policy","status":"publish","type":"page","link":"https:\/\/www.maxaesthetics.tr\/fr\/privacy-policy\/","title":{"rendered":"Politique de confidentialit\u00e9"},"content":{"rendered":"<section class=\"section\" id=\"section_832722001\">\n\t\t<div class=\"section-bg fill\" >\n\t\t\t\t\t\t\t\t\t\n\t\t\t\n\n\t\t<\/div>\n\n\t\t\n\n\t\t<div class=\"section-content relative\">\n\t\t\t\n\n<div class=\"row\"  id=\"row-643294466\">\n\n\n\t<div id=\"col-1546242714\" class=\"col small-12 large-12\"  >\n\t\t\t\t<div class=\"col-inner\"  >\n\t\t\t\n\t\t\t\n\n<p class=\"ds-markdown-paragraph\"><strong>Derni\u00e8re mise \u00e0 jour :<\/strong> 26.08.2025<\/p>\n<p class=\"ds-markdown-paragraph\"><strong>Max Esth\u00e9tique<\/strong>\u00a0(\"nous\", \"notre\", \"nos\"), un service fourni par\u00a0<strong>Max Group Tourism D\u0131\u015f Ticaret Limited \u015eirketi<\/strong>s'engage \u00e0 prot\u00e9ger votre vie priv\u00e9e. La pr\u00e9sente politique de confidentialit\u00e9 explique comment nous collectons, utilisons, divulguons et prot\u00e9geons vos donn\u00e9es \u00e0 caract\u00e8re personnel lorsque vous visitez notre site web\u00a0<a href=\"https:\/\/www.maxaesthetics.tr\/fr\/\" target=\"_blank\" rel=\"noopener noreferrer\">maxaesthetics.tr<\/a>vous utilisez nos services de r\u00e9servation en ligne, vous nous contactez ou vous vous engagez avec nous en tant que patient ou client.<\/p>\n<p class=\"ds-markdown-paragraph\">En utilisant nos services, vous acceptez les pratiques en mati\u00e8re de donn\u00e9es d\u00e9crites dans la pr\u00e9sente politique. Si vous n'\u00eates pas d'accord avec les conditions, veuillez ne pas acc\u00e9der au site ou nous fournir vos informations personnelles.<\/p>\n<h4>1. Les informations que nous collectons<\/h4>\n<p class=\"ds-markdown-paragraph\">Nous recueillons les informations que vous nous fournissez directement et automatiquement lorsque vous utilisez nos services.<\/p>\n<p class=\"ds-markdown-paragraph\"><strong>A. Informations fournies volontairement :<\/strong><\/p>\n<ul>\n<li>\n<p class=\"ds-markdown-paragraph\"><strong>Informations de contact :<\/strong>\u00a0Nom, adresse \u00e9lectronique, num\u00e9ro de t\u00e9l\u00e9phone, pays de r\u00e9sidence.<\/p>\n<\/li>\n<li>\n<p class=\"ds-markdown-paragraph\"><strong>Informations d\u00e9mographiques :<\/strong>\u00a0\u00c2ge, sexe.<\/p>\n<\/li>\n<li>\n<p class=\"ds-markdown-paragraph\"><strong>Informations sur la sant\u00e9 (donn\u00e9es de cat\u00e9gorie sp\u00e9ciale) :<\/strong>\u00a0Ces informations sont recueillies lors des consultations ou des demandes de renseignements afin de d\u00e9terminer si le traitement convient. Il peut s'agir des ant\u00e9c\u00e9dents m\u00e9dicaux, de l'\u00e9tat de sant\u00e9 actuel, de la prise de m\u00e9dicaments, des pr\u00e9occupations esth\u00e9tiques et des photos que vous fournissez.\u00a0<strong>Nous obtenons votre consentement explicite et inform\u00e9 avant de collecter et de traiter ces donn\u00e9es sensibles.<\/strong><\/p>\n<\/li>\n<li>\n<p class=\"ds-markdown-paragraph\"><strong>Informations sur les r\u00e9servations et les demandes de renseignements :<\/strong>\u00a0Vos proc\u00e9dures pr\u00e9f\u00e9r\u00e9es, les dates souhait\u00e9es pour la consultation ou le traitement, et toutes les questions que vous posez.<\/p>\n<\/li>\n<li>\n<p class=\"ds-markdown-paragraph\"><strong>Informations sur le paiement :<\/strong>\u00a0Si vous effectuez un achat (par exemple, pour des produits ou des d\u00e9p\u00f4ts), notre processeur de paiement (Iyzico) traite les d\u00e9tails de votre carte. Nous ne stockons pas l'int\u00e9gralit\u00e9 des informations relatives \u00e0 la carte de cr\u00e9dit sur nos serveurs.<\/p>\n<\/li>\n<li>\n<p class=\"ds-markdown-paragraph\"><strong>Dossiers de communication :<\/strong>\u00a0Des copies de vos communications avec nous par courriel, WhatsApp, formulaires de contact ou appels t\u00e9l\u00e9phoniques.<\/p>\n<\/li>\n<\/ul>\n<p class=\"ds-markdown-paragraph\"><strong>B. Informations collect\u00e9es automatiquement :<\/strong><\/p>\n<ul>\n<li>\n<p class=\"ds-markdown-paragraph\"><strong>Donn\u00e9es d'utilisation :<\/strong>\u00a0Des informations sur votre interaction avec notre site web, telles que votre adresse IP, votre type de navigateur, des informations sur votre appareil, les pages visit\u00e9es, le temps pass\u00e9 sur les pages et les adresses des sites web de r\u00e9f\u00e9rence. Ces informations sont collect\u00e9es par le biais de cookies et de technologies de suivi similaires.<\/p>\n<\/li>\n<\/ul>\n<h4>2. Comment nous utilisons vos informations<\/h4>\n<p class=\"ds-markdown-paragraph\">Nous utilisons les informations que nous recueillons aux fins suivantes :<\/p>\n<ul>\n<li>\n<p class=\"ds-markdown-paragraph\">Pour planifier, g\u00e9rer et confirmer vos consultations et rendez-vous.<\/p>\n<\/li>\n<li>\n<p class=\"ds-markdown-paragraph\">Faciliter votre voyage de tourisme m\u00e9dical, y compris la logistique du voyage et de l'h\u00e9bergement.<\/p>\n<\/li>\n<li>\n<p class=\"ds-markdown-paragraph\">Pour \u00e9valuer votre aptitude \u00e0 subir les interventions esth\u00e9tiques demand\u00e9es et pour fournir des informations aux professionnels de la sant\u00e9 ind\u00e9pendants qui vous traiteront.<\/p>\n<\/li>\n<li>\n<p class=\"ds-markdown-paragraph\">pour r\u00e9pondre \u00e0 vos demandes de renseignements, commentaires et requ\u00eates.<\/p>\n<\/li>\n<li>\n<p class=\"ds-markdown-paragraph\">Pour traiter les transactions et vous envoyer des informations connexes, y compris des confirmations et des factures.<\/p>\n<\/li>\n<li>\n<p class=\"ds-markdown-paragraph\">Pour vous envoyer des informations administratives, telles que des mises \u00e0 jour de nos politiques.<\/p>\n<\/li>\n<li>\n<p class=\"ds-markdown-paragraph\"><strong>\u00c0 des fins de marketing :<\/strong>\u00a0Pour vous envoyer des informations sur les services, les offres et les promotions que nous pensons susceptibles de vous int\u00e9resser,\u00a0<strong>mais uniquement si vous nous avez donn\u00e9 votre consentement explicite \u00e0 cet effet.<\/strong>\u00a0Vous pouvez \u00e0 tout moment refuser les communications marketing.<\/p>\n<\/li>\n<li>\n<p class=\"ds-markdown-paragraph\">Analyser et am\u00e9liorer notre site web, nos services et nos strat\u00e9gies de marketing (voir la section 4 sur les cookies).<\/p>\n<\/li>\n<li>\n<p class=\"ds-markdown-paragraph\">Prot\u00e9ger nos droits, notre propri\u00e9t\u00e9 ou notre s\u00e9curit\u00e9, ainsi que ceux de nos utilisateurs et des tiers.<\/p>\n<\/li>\n<li>\n<p class=\"ds-markdown-paragraph\">Respecter les obligations l\u00e9gales et r\u00e9glementaires.<\/p>\n<\/li>\n<\/ul>\n<h4>3. Base juridique du traitement (GDPR &amp; KVKK)<\/h4>\n<p class=\"ds-markdown-paragraph\">Nous traitons vos donn\u00e9es personnelles sur la base des fondements juridiques suivants :<\/p>\n<ul>\n<li>\n<p class=\"ds-markdown-paragraph\"><strong>Ex\u00e9cution d'un contrat :<\/strong>\u00a0Pour remplir nos obligations li\u00e9es \u00e0 votre r\u00e9servation et \u00e0 l'organisation du service.<\/p>\n<\/li>\n<li>\n<p class=\"ds-markdown-paragraph\"><strong>Consentement :<\/strong>\u00a0Pour l'envoi de communications marketing, pour l'utilisation de cookies non essentiels et pour le traitement de cat\u00e9gories particuli\u00e8res de donn\u00e9es relatives \u00e0 la sant\u00e9. Vous pouvez retirer votre consentement \u00e0 tout moment.<\/p>\n<\/li>\n<li>\n<p class=\"ds-markdown-paragraph\"><strong>Int\u00e9r\u00eats l\u00e9gitimes :<\/strong>\u00a0Pour faire fonctionner notre site web, analyser les donn\u00e9es des utilisateurs et assurer la s\u00e9curit\u00e9, \u00e0 condition que vos droits fondamentaux ne l'emportent pas sur ces int\u00e9r\u00eats.<\/p>\n<\/li>\n<li>\n<p class=\"ds-markdown-paragraph\"><strong>Obligation l\u00e9gale :<\/strong>\u00a0Se conformer \u00e0 la r\u00e9glementation turque en mati\u00e8re de tourisme de sant\u00e9 et de fiscalit\u00e9.<\/p>\n<\/li>\n<\/ul>\n<h4>4. Cookies et technologies de suivi<\/h4>\n<p class=\"ds-markdown-paragraph\">Notre site web utilise des cookies et des technologies de suivi similaires pour collecter et utiliser des informations personnelles vous concernant, notamment pour diffuser des publicit\u00e9s bas\u00e9es sur les centres d'int\u00e9r\u00eat.<\/p>\n<ul>\n<li>\n<p class=\"ds-markdown-paragraph\"><strong>Qu'est-ce qu'un cookie ?<\/strong>\u00a0Les cookies sont de petits fichiers de donn\u00e9es qui sont plac\u00e9s sur votre ordinateur ou votre appareil mobile lorsque vous visitez un site web. Ils sont largement utilis\u00e9s pour am\u00e9liorer le fonctionnement des sites web et fournir des informations sur les rapports.<\/p>\n<\/li>\n<li>\n<p class=\"ds-markdown-paragraph\"><strong>Types de cookies que nous utilisons :<\/strong><\/p>\n<ul>\n<li>\n<p class=\"ds-markdown-paragraph\"><strong>Cookies essentiels :<\/strong>\u00a0N\u00e9cessaires au fonctionnement du site web, elles ne peuvent pas \u00eatre d\u00e9sactiv\u00e9es. Ils ne sont g\u00e9n\u00e9ralement d\u00e9finis qu'en r\u00e9ponse \u00e0 des actions que vous effectuez, telles que le r\u00e9glage de vos pr\u00e9f\u00e9rences en mati\u00e8re de protection de la vie priv\u00e9e ou le remplissage de formulaires.<\/p>\n<\/li>\n<li>\n<p class=\"ds-markdown-paragraph\"><strong>Cookies analytiques\/de performance :<\/strong>\u00a0Ils nous permettent de compter les visites et les sources de trafic afin de mesurer et d'am\u00e9liorer les performances de notre site. Ils nous aident \u00e0 savoir quelles sont les pages les plus populaires et comment les visiteurs se d\u00e9placent sur le site. Nous utilisons\u00a0<strong>Google Analytics<\/strong>\u00a0\u00e0 cette fin.<\/p>\n<\/li>\n<li>\n<p class=\"ds-markdown-paragraph\"><strong>Cookies de ciblage :<\/strong>\u00a0Ces cookies peuvent \u00eatre install\u00e9s sur notre site par nos partenaires publicitaires (tels que\u00a0<strong>M\u00e9tapixel<\/strong>). Ces soci\u00e9t\u00e9s peuvent les utiliser pour \u00e9tablir un profil de vos int\u00e9r\u00eats et vous montrer des publicit\u00e9s pertinentes sur d'autres sites. Ils ne stockent pas d'informations personnelles directes mais sont bas\u00e9s sur l'identification unique de votre navigateur et de votre appareil Internet.<\/p>\n<\/li>\n<\/ul>\n<\/li>\n<li>\n<p class=\"ds-markdown-paragraph\"><strong>Comment contr\u00f4ler les cookies :<\/strong>\u00a0Vous pouvez configurer votre navigateur pour qu'il refuse tout ou partie des cookies, ou pour qu'il vous avertisse lorsque des sites web installent des cookies ou y acc\u00e8dent. Si vous d\u00e9sactivez ou refusez les cookies, veuillez noter que certaines parties de ce site web peuvent devenir inaccessibles ou ne pas fonctionner correctement. Vous pouvez \u00e9galement d\u00e9sactiver Google Analytics en installant le module compl\u00e9mentaire de d\u00e9sactivation de Google et ajuster vos pr\u00e9f\u00e9rences en mati\u00e8re d'annonces publicitaires sur Facebook via les param\u00e8tres de votre compte Facebook.<\/p>\n<\/li>\n<\/ul>\n<h4>5. Comment nous partageons vos informations<\/h4>\n<p class=\"ds-markdown-paragraph\">Nous pouvons partager vos informations avec<\/p>\n<ul>\n<li>\n<p class=\"ds-markdown-paragraph\"><strong>Professionnels de sant\u00e9 ind\u00e9pendants et cliniques :<\/strong>\u00a0Nous partageons les informations de sant\u00e9 et de contact n\u00e9cessaires avec les m\u00e9decins et les cliniques agr\u00e9\u00e9s en Turquie qui effectueront votre consultation et votre traitement.\u00a0<strong>Ces prestataires m\u00e9dicaux sont tenus d'archiver les dossiers des patients pendant 20 ans.<\/strong><\/p>\n<\/li>\n<li>\n<p class=\"ds-markdown-paragraph\"><strong>Fournisseurs de services :<\/strong>\u00a0Des tiers de confiance qui nous aident \u00e0 exploiter notre site web, \u00e0 mener nos activit\u00e9s et \u00e0 vous servir. Il s'agit notamment de :<\/p>\n<ul>\n<li>\n<p class=\"ds-markdown-paragraph\"><strong>Iyzico :<\/strong>\u00a0Notre partenaire pour le traitement des paiements.<\/p>\n<\/li>\n<li>\n<p class=\"ds-markdown-paragraph\"><strong>Google Analytics et Meta :<\/strong>\u00a0Pour l'analyse du site web et le suivi de la publicit\u00e9.<\/p>\n<\/li>\n<li>\n<p class=\"ds-markdown-paragraph\">Services informatiques, partenaires h\u00f4teliers et traducteurs.<br \/>Ces parties sont tenues de respecter la confidentialit\u00e9 de vos informations.<\/p>\n<\/li>\n<\/ul>\n<\/li>\n<li>\n<p class=\"ds-markdown-paragraph\"><strong>Exigences l\u00e9gales :<\/strong>\u00a0Nous pouvons divulguer des informations si la loi l'exige ou en r\u00e9ponse \u00e0 des demandes valables des autorit\u00e9s publiques (par exemple, un tribunal ou une agence gouvernementale).<\/p>\n<\/li>\n<li>\n<p class=\"ds-markdown-paragraph\"><strong>Transferts d'entreprise :<\/strong>\u00a0dans le cadre d'une fusion, d'une acquisition ou d'une vente de tout ou partie de nos actifs.<\/p>\n<\/li>\n<\/ul>\n<h4>6. Transferts internationaux de donn\u00e9es<\/h4>\n<p class=\"ds-markdown-paragraph\">En tant qu'entreprise de tourisme de sant\u00e9, vos donn\u00e9es seront transf\u00e9r\u00e9es et trait\u00e9es dans la R\u00e9publique de Turquie. Nous veillons \u00e0 ce que tous les transferts de donn\u00e9es soient prot\u00e9g\u00e9s par des garanties appropri\u00e9es, comme l'exigent les lois sur la protection des donn\u00e9es.<\/p>\n<h4>7. Conservation des donn\u00e9es<\/h4>\n<p class=\"ds-markdown-paragraph\">Nous ne conserverons vos donn\u00e9es \u00e0 caract\u00e8re personnel que pendant la dur\u00e9e n\u00e9cessaire aux fins \u00e9nonc\u00e9es dans la pr\u00e9sente politique et pour nous conformer \u00e0 nos obligations l\u00e9gales.<\/p>\n<ul>\n<li>\n<p class=\"ds-markdown-paragraph\"><strong>Dossiers m\u00e9dicaux des patients :<\/strong>\u00a0Nous facilitons le transfert de vos donn\u00e9es m\u00e9dicales \u00e0 l'h\u00f4pital ou \u00e0 la clinique d'exploitation, qui sont ind\u00e9pendamment tenus par la loi turque de conserver ces dossiers pendant\u00a0<strong>20 ans<\/strong>.<\/p>\n<\/li>\n<li>\n<p class=\"ds-markdown-paragraph\"><strong>Autres donn\u00e9es personnelles :<\/strong>\u00a0Nous conserverons d'autres donn\u00e9es \u00e0 caract\u00e8re personnel (par exemple, les coordonn\u00e9es, les demandes de renseignements, les d\u00e9tails de la r\u00e9servation) pendant la p\u00e9riode n\u00e9cessaire pour remplir nos obligations contractuelles, vous fournir des services et nous conformer \u00e0 nos obligations l\u00e9gales et fiscales (en g\u00e9n\u00e9ral\u00a0<strong>10 ans<\/strong>\u00a0\u00e0 compter de la date de la derni\u00e8re interaction, \u00e0 moins qu'une p\u00e9riode plus longue ne soit requise par la loi).<\/p>\n<\/li>\n<\/ul>\n<p class=\"ds-markdown-paragraph\">\u00c0 l'issue de la p\u00e9riode de conservation, vos donn\u00e9es seront supprim\u00e9es en toute s\u00e9curit\u00e9 ou rendues anonymes.<\/p>\n<h4>8. Vos droits en mati\u00e8re de protection des donn\u00e9es<\/h4>\n<p class=\"ds-markdown-paragraph\">En fonction de votre situation g\u00e9ographique et de la l\u00e9gislation applicable (comme le GDPR ou le KVKK), vous avez le droit de.. :<\/p>\n<ul>\n<li>\n<p class=\"ds-markdown-paragraph\"><strong>Acc\u00e8s<\/strong>\u00a0et recevoir une copie de vos donn\u00e9es personnelles.<\/p>\n<\/li>\n<li>\n<p class=\"ds-markdown-paragraph\"><strong>Rectifier<\/strong>\u00a0les donn\u00e9es inexactes ou incompl\u00e8tes que nous d\u00e9tenons \u00e0 votre sujet.<\/p>\n<\/li>\n<li>\n<p class=\"ds-markdown-paragraph\"><strong>Effacer<\/strong>\u00a0vos donn\u00e9es personnelles (\"droit \u00e0 l'oubli\") sous certaines conditions.<\/p>\n<\/li>\n<li>\n<p class=\"ds-markdown-paragraph\"><strong>Restreindre<\/strong>\u00a0le traitement de vos donn\u00e9es.<\/p>\n<\/li>\n<li>\n<p class=\"ds-markdown-paragraph\"><strong>Objet<\/strong>\u00a0au traitement fond\u00e9 sur des int\u00e9r\u00eats l\u00e9gitimes.<\/p>\n<\/li>\n<li>\n<p class=\"ds-markdown-paragraph\"><strong>Portabilit\u00e9 des donn\u00e9es :<\/strong>\u00a0Recevez vos donn\u00e9es dans un format structur\u00e9 et lisible par une machine.<\/p>\n<\/li>\n<li>\n<p class=\"ds-markdown-paragraph\"><strong>Retrait du consentement<\/strong>\u00a0\u00e0 tout moment, lorsque nous nous appuyons sur votre consentement pour traiter vos donn\u00e9es.<\/p>\n<\/li>\n<li>\n<p class=\"ds-markdown-paragraph\"><strong>Refus des communications marketing :<\/strong>\u00a0Vous pouvez vous d\u00e9sabonner de nos courriels de marketing en cliquant sur le lien \"se d\u00e9sabonner\" qu'ils contiennent.<\/p>\n<\/li>\n<\/ul>\n<p class=\"ds-markdown-paragraph\">Pour exercer l'un de ces droits, veuillez nous contacter en utilisant les coordonn\u00e9es fournies dans la section \"Nous contacter\" ci-dessous.<\/p>\n<h4>9. S\u00e9curit\u00e9 des donn\u00e9es<\/h4>\n<p class=\"ds-markdown-paragraph\">Nous mettons en \u0153uvre des mesures techniques et organisationnelles appropri\u00e9es pour prot\u00e9ger vos donn\u00e9es \u00e0 caract\u00e8re personnel contre l'acc\u00e8s non autoris\u00e9, l'alt\u00e9ration, la divulgation ou la destruction. Toutefois, aucune m\u00e9thode de transmission sur Internet ou de stockage \u00e9lectronique n'est 100% s\u00fbre et nous ne pouvons pas garantir une s\u00e9curit\u00e9 absolue.<\/p>\n<h4>10. Vie priv\u00e9e des enfants<\/h4>\n<p class=\"ds-markdown-paragraph\">Nos services ne sont pas destin\u00e9s aux personnes de moins de 18 ans. Nous ne collectons pas sciemment de donn\u00e9es personnelles aupr\u00e8s d'enfants. Si vous \u00eates un parent ou un tuteur et que vous pensez que votre enfant nous a fourni des donn\u00e9es, veuillez nous contacter et nous les supprimerons.<\/p>\n<h4>11. Modifications de la pr\u00e9sente politique de protection de la vie priv\u00e9e<\/h4>\n<p class=\"ds-markdown-paragraph\">Nous pouvons mettre \u00e0 jour cette politique de temps \u00e0 autre. La version mise \u00e0 jour sera indiqu\u00e9e par une nouvelle date de \"derni\u00e8re mise \u00e0 jour\" et entrera en vigueur d\u00e8s sa publication. Nous vous encourageons \u00e0 consulter r\u00e9guli\u00e8rement cette politique afin de rester inform\u00e9 de la mani\u00e8re dont nous prot\u00e9geons vos informations.<\/p>\n<h4>12. Nous contacter<\/h4>\n<p class=\"ds-markdown-paragraph\">Si vous avez des questions, des pr\u00e9occupations ou des demandes concernant la pr\u00e9sente politique de confidentialit\u00e9 ou nos pratiques en mati\u00e8re de donn\u00e9es, veuillez nous contacter \u00e0 l'adresse suivante<\/p>\n<p class=\"ds-markdown-paragraph\"><strong>Max Group Tourism D\u0131\u015f Ticaret Limited \u015eirketi<\/strong><br \/>15 TEMMUZ MAH. BAHAR CAD. TOYA NEXT A2 NO : 3 -5\/2 I\u00c7<br \/>KAPI NO : 223 BAGCILAR\/ ISTANBUL<br \/><strong>Courriel :<\/strong>\u00a0<a href=\"https:\/\/mailto:info@maxaesthetics.tr\/\" target=\"_blank\" rel=\"noopener noreferrer\">cliquez ici pour envoyer un e-mail<\/a><br \/><strong>T\u00e9l\u00e9phone :<\/strong> +90 545 450 4976<\/p>\n\n\t\t<\/div>\n\t\t\t\t\t<\/div>\n\n\t\n\n<\/div>\n\n\t\t<\/div>\n\n\t\t\n<style>\n#section_832722001 {\n  padding-top: 30px;\n  padding-bottom: 30px;\n}\n<\/style>\n\t<\/section>","protected":false},"excerpt":{"rendered":"","protected":false},"author":1,"featured_media":0,"parent":0,"menu_order":63,"comment_status":"closed","ping_status":"closed","template":"page-blank-title-center.php","meta":{"footnotes":""},"class_list":["post-3","page","type-page","status-publish","hentry"],"yoast_head":"<!-- This site is optimized with the Yoast SEO Premium plugin v22.3 (Yoast SEO v26.9) - https:\/\/yoast.com\/product\/yoast-seo-premium-wordpress\/ -->\n<title>Privacy Policy | Procedure, Recovery, Complications, and More<\/title>\n<meta name=\"robots\" content=\"index, follow, max-snippet:-1, max-image-preview:large, max-video-preview:-1\" \/>\n<link rel=\"canonical\" href=\"https:\/\/www.maxaesthetics.tr\/fr\/privacy-policy\/\" \/>\n<meta property=\"og:locale\" content=\"fr_FR\" \/>\n<meta property=\"og:type\" content=\"article\" \/>\n<meta property=\"og:title\" content=\"Privacy Policy\" \/>\n<meta property=\"og:url\" content=\"https:\/\/www.maxaesthetics.tr\/fr\/privacy-policy\/\" \/>\n<meta property=\"og:site_name\" content=\"Max Aesthetics\" \/>\n<meta property=\"article:publisher\" content=\"https:\/\/www.facebook.com\/MaxAestheticsTr\" \/>\n<meta property=\"article:modified_time\" content=\"2025-08-26T20:13:25+00:00\" \/>\n<meta property=\"og:image\" content=\"https:\/\/www.maxaesthetics.tr\/wp-content\/uploads\/PlasticBgDeneme.jpg\" \/>\n\t<meta property=\"og:image:width\" content=\"1920\" \/>\n\t<meta property=\"og:image:height\" content=\"1080\" \/>\n\t<meta property=\"og:image:type\" content=\"image\/jpeg\" \/>\n<meta name=\"twitter:card\" content=\"summary_large_image\" \/>\n<meta name=\"twitter:label1\" content=\"Dur\u00e9e de lecture estim\u00e9e\" \/>\n\t<meta name=\"twitter:data1\" content=\"7 minutes\" \/>\n<script type=\"application\/ld+json\" class=\"yoast-schema-graph\">{\"@context\":\"https:\/\/schema.org\",\"@graph\":[{\"@type\":[\"WebPage\",\"MedicalWebPage\"],\"@id\":\"https:\/\/www.maxaesthetics.tr\/privacy-policy\/\",\"url\":\"https:\/\/www.maxaesthetics.tr\/privacy-policy\/\",\"name\":\"Privacy Policy | Procedure, Recovery, Complications, and More\",\"isPartOf\":{\"@id\":\"https:\/\/www.maxaesthetics.tr\/#website\"},\"datePublished\":\"2020-05-27T17:38:01+00:00\",\"dateModified\":\"2025-08-26T20:13:25+00:00\",\"breadcrumb\":{\"@id\":\"https:\/\/www.maxaesthetics.tr\/privacy-policy\/#breadcrumb\"},\"inLanguage\":\"fr-FR\",\"potentialAction\":[{\"@type\":\"ReadAction\",\"target\":[\"https:\/\/www.maxaesthetics.tr\/privacy-policy\/\"]}]},{\"@type\":\"BreadcrumbList\",\"@id\":\"https:\/\/www.maxaesthetics.tr\/privacy-policy\/#breadcrumb\",\"itemListElement\":[{\"@type\":\"ListItem\",\"position\":1,\"name\":\"Home\",\"item\":\"https:\/\/www.maxaesthetics.tr\/\"},{\"@type\":\"ListItem\",\"position\":2,\"name\":\"Privacy Policy\"}]},{\"@type\":\"WebSite\",\"@id\":\"https:\/\/www.maxaesthetics.tr\/#website\",\"url\":\"https:\/\/www.maxaesthetics.tr\/\",\"name\":\"Max Aesthetics\",\"description\":\"The Leading Provider of Aesthetic and Cosmetic Surgery in Istanbul\",\"publisher\":{\"@id\":\"https:\/\/www.maxaesthetics.tr\/#organization\"},\"potentialAction\":[{\"@type\":\"SearchAction\",\"target\":{\"@type\":\"EntryPoint\",\"urlTemplate\":\"https:\/\/www.maxaesthetics.tr\/?s={search_term_string}\"},\"query-input\":{\"@type\":\"PropertyValueSpecification\",\"valueRequired\":true,\"valueName\":\"search_term_string\"}}],\"inLanguage\":\"fr-FR\"},{\"@type\":\"Organization\",\"@id\":\"https:\/\/www.maxaesthetics.tr\/#organization\",\"name\":\"Max Aesthetics & Hair Transplant\",\"url\":\"https:\/\/www.maxaesthetics.tr\/\",\"logo\":{\"@type\":\"ImageObject\",\"inLanguage\":\"fr-FR\",\"@id\":\"https:\/\/www.maxaesthetics.tr\/#\/schema\/logo\/image\/\",\"url\":\"\",\"contentUrl\":\"\",\"caption\":\"Max Aesthetics & Hair Transplant\"},\"image\":{\"@id\":\"https:\/\/www.maxaesthetics.tr\/#\/schema\/logo\/image\/\"},\"sameAs\":[\"https:\/\/www.facebook.com\/MaxAestheticsTr\",\"https:\/\/www.instagram.com\/maxaestheticstr\/\"]}]}<\/script>\n<!-- \/ Yoast SEO Premium plugin. -->","yoast_head_json":{"title":"Privacy Policy | Procedure, Recovery, Complications, and More","robots":{"index":"index","follow":"follow","max-snippet":"max-snippet:-1","max-image-preview":"max-image-preview:large","max-video-preview":"max-video-preview:-1"},"canonical":"https:\/\/www.maxaesthetics.tr\/fr\/privacy-policy\/","og_locale":"fr_FR","og_type":"article","og_title":"Privacy Policy","og_url":"https:\/\/www.maxaesthetics.tr\/fr\/privacy-policy\/","og_site_name":"Max Aesthetics","article_publisher":"https:\/\/www.facebook.com\/MaxAestheticsTr","article_modified_time":"2025-08-26T20:13:25+00:00","og_image":[{"width":1920,"height":1080,"url":"https:\/\/www.maxaesthetics.tr\/wp-content\/uploads\/PlasticBgDeneme.jpg","type":"image\/jpeg"}],"twitter_card":"summary_large_image","twitter_misc":{"Dur\u00e9e de lecture estim\u00e9e":"7 minutes"},"schema":{"@context":"https:\/\/schema.org","@graph":[{"@type":["WebPage","MedicalWebPage"],"@id":"https:\/\/www.maxaesthetics.tr\/privacy-policy\/","url":"https:\/\/www.maxaesthetics.tr\/privacy-policy\/","name":"Privacy Policy | Procedure, Recovery, Complications, and More","isPartOf":{"@id":"https:\/\/www.maxaesthetics.tr\/#website"},"datePublished":"2020-05-27T17:38:01+00:00","dateModified":"2025-08-26T20:13:25+00:00","breadcrumb":{"@id":"https:\/\/www.maxaesthetics.tr\/privacy-policy\/#breadcrumb"},"inLanguage":"fr-FR","potentialAction":[{"@type":"ReadAction","target":["https:\/\/www.maxaesthetics.tr\/privacy-policy\/"]}]},{"@type":"BreadcrumbList","@id":"https:\/\/www.maxaesthetics.tr\/privacy-policy\/#breadcrumb","itemListElement":[{"@type":"ListItem","position":1,"name":"Home","item":"https:\/\/www.maxaesthetics.tr\/"},{"@type":"ListItem","position":2,"name":"Privacy Policy"}]},{"@type":"WebSite","@id":"https:\/\/www.maxaesthetics.tr\/#website","url":"https:\/\/www.maxaesthetics.tr\/","name":"Max Esth\u00e9tique","description":"Le principal prestataire de services de chirurgie esth\u00e9tique et cosm\u00e9tique \u00e0 Istanbul","publisher":{"@id":"https:\/\/www.maxaesthetics.tr\/#organization"},"potentialAction":[{"@type":"SearchAction","target":{"@type":"EntryPoint","urlTemplate":"https:\/\/www.maxaesthetics.tr\/?s={search_term_string}"},"query-input":{"@type":"PropertyValueSpecification","valueRequired":true,"valueName":"search_term_string"}}],"inLanguage":"fr-FR"},{"@type":"Organization","@id":"https:\/\/www.maxaesthetics.tr\/#organization","name":"Max Aesthetics &amp; Hair Transplant","url":"https:\/\/www.maxaesthetics.tr\/","logo":{"@type":"ImageObject","inLanguage":"fr-FR","@id":"https:\/\/www.maxaesthetics.tr\/#\/schema\/logo\/image\/","url":"","contentUrl":"","caption":"Max Aesthetics & Hair Transplant"},"image":{"@id":"https:\/\/www.maxaesthetics.tr\/#\/schema\/logo\/image\/"},"sameAs":["https:\/\/www.facebook.com\/MaxAestheticsTr","https:\/\/www.instagram.com\/maxaestheticstr\/"]}]}},"_links":{"self":[{"href":"https:\/\/www.maxaesthetics.tr\/fr\/wp-json\/wp\/v2\/pages\/3","targetHints":{"allow":["GET"]}}],"collection":[{"href":"https:\/\/www.maxaesthetics.tr\/fr\/wp-json\/wp\/v2\/pages"}],"about":[{"href":"https:\/\/www.maxaesthetics.tr\/fr\/wp-json\/wp\/v2\/types\/page"}],"author":[{"embeddable":true,"href":"https:\/\/www.maxaesthetics.tr\/fr\/wp-json\/wp\/v2\/users\/1"}],"replies":[{"embeddable":true,"href":"https:\/\/www.maxaesthetics.tr\/fr\/wp-json\/wp\/v2\/comments?post=3"}],"version-history":[{"count":2,"href":"https:\/\/www.maxaesthetics.tr\/fr\/wp-json\/wp\/v2\/pages\/3\/revisions"}],"predecessor-version":[{"id":9776,"href":"https:\/\/www.maxaesthetics.tr\/fr\/wp-json\/wp\/v2\/pages\/3\/revisions\/9776"}],"wp:attachment":[{"href":"https:\/\/www.maxaesthetics.tr\/fr\/wp-json\/wp\/v2\/media?parent=3"}],"curies":[{"name":"wp","href":"https:\/\/api.w.org\/{rel}","templated":true}]}}