{"id":3,"date":"2020-05-27T20:38:01","date_gmt":"2020-05-27T17:38:01","guid":{"rendered":"https:\/\/www.maxaesthetics.net\/?page_id=3"},"modified":"2025-08-26T23:13:25","modified_gmt":"2025-08-26T20:13:25","slug":"privacy-policy","status":"publish","type":"page","link":"https:\/\/www.maxaesthetics.tr\/pt\/privacy-policy\/","title":{"rendered":"Pol\u00edtica de privacidade"},"content":{"rendered":"<section class=\"section\" id=\"section_1546246852\">\n\t\t<div class=\"section-bg fill\" >\n\t\t\t\t\t\t\t\t\t\n\t\t\t\n\n\t\t<\/div>\n\n\t\t\n\n\t\t<div class=\"section-content relative\">\n\t\t\t\n\n<div class=\"row\"  id=\"row-164523321\">\n\n\n\t<div id=\"col-1557788587\" class=\"col small-12 large-12\"  >\n\t\t\t\t<div class=\"col-inner\"  >\n\t\t\t\n\t\t\t\n\n<p class=\"ds-markdown-paragraph\"><strong>\u00daltima atualiza\u00e7\u00e3o:<\/strong> 26.08.2025<\/p>\n<p class=\"ds-markdown-paragraph\"><strong>Est\u00e9tica Max<\/strong>\u00a0(\"n\u00f3s\", \"nos\", \"nosso\"), um servi\u00e7o fornecido por\u00a0<strong>Max Group Tourism D\u0131\u015f Ticaret Limited \u015eirketi<\/strong>est\u00e1 empenhada em proteger a sua privacidade. Esta Pol\u00edtica de Privacidade explica como recolhemos, utilizamos, divulgamos e protegemos os seus dados pessoais quando visita o nosso s\u00edtio Web\u00a0<a href=\"https:\/\/www.maxaesthetics.tr\/pt\/\" target=\"_blank\" rel=\"noopener noreferrer\">maxaesthetics.tr<\/a>utilizar os nossos servi\u00e7os de reserva online, contactar-nos ou interagir connosco como paciente ou cliente.<\/p>\n<p class=\"ds-markdown-paragraph\">Ao utilizar os nossos servi\u00e7os, o utilizador concorda com as pr\u00e1ticas de dados descritas nesta pol\u00edtica. Se n\u00e3o concordar com os termos, n\u00e3o aceda ao s\u00edtio nem nos forne\u00e7a as suas informa\u00e7\u00f5es pessoais.<\/p>\n<h4>1. Informa\u00e7\u00f5es que recolhemos<\/h4>\n<p class=\"ds-markdown-paragraph\">Recolhemos informa\u00e7\u00f5es que o utilizador nos fornece diretamente e automaticamente quando utiliza os nossos servi\u00e7os.<\/p>\n<p class=\"ds-markdown-paragraph\"><strong>A. Informa\u00e7\u00f5es fornecidas voluntariamente pelo utilizador:<\/strong><\/p>\n<ul>\n<li>\n<p class=\"ds-markdown-paragraph\"><strong>Informa\u00e7\u00f5es de contacto:<\/strong>\u00a0Nome, endere\u00e7o eletr\u00f3nico, n\u00famero de telefone, pa\u00eds de resid\u00eancia.<\/p>\n<\/li>\n<li>\n<p class=\"ds-markdown-paragraph\"><strong>Informa\u00e7\u00f5es demogr\u00e1ficas:<\/strong>\u00a0Idade, g\u00e9nero.<\/p>\n<\/li>\n<li>\n<p class=\"ds-markdown-paragraph\"><strong>Informa\u00e7\u00f5es sobre sa\u00fade (dados de categoria especial):<\/strong>\u00a0Estes dados s\u00e3o recolhidos durante as consultas ou pedidos de informa\u00e7\u00e3o para determinar a adequa\u00e7\u00e3o do tratamento. Pode incluir o historial m\u00e9dico, condi\u00e7\u00f5es de sa\u00fade actuais, utiliza\u00e7\u00e3o de medicamentos, preocupa\u00e7\u00f5es est\u00e9ticas e fotografias fornecidas pelo cliente.\u00a0<strong>Obtemos o seu consentimento expl\u00edcito e informado antes de recolher e tratar estes dados sens\u00edveis.<\/strong><\/p>\n<\/li>\n<li>\n<p class=\"ds-markdown-paragraph\"><strong>Informa\u00e7\u00f5es sobre reservas e pedidos de informa\u00e7\u00e3o:<\/strong>\u00a0Os seus procedimentos preferidos, as datas pretendidas para a consulta ou o tratamento e todas as quest\u00f5es que colocar.<\/p>\n<\/li>\n<li>\n<p class=\"ds-markdown-paragraph\"><strong>Informa\u00e7\u00f5es sobre o pagamento:<\/strong>\u00a0Se efetuar uma compra (por exemplo, de produtos ou dep\u00f3sitos), o nosso processador de pagamentos (Iyzico) trata dos dados do seu cart\u00e3o. N\u00e3o guardamos as informa\u00e7\u00f5es completas do cart\u00e3o de cr\u00e9dito nos nossos servidores.<\/p>\n<\/li>\n<li>\n<p class=\"ds-markdown-paragraph\"><strong>Registos de comunica\u00e7\u00e3o:<\/strong>\u00a0C\u00f3pias das suas comunica\u00e7\u00f5es connosco por e-mail, WhatsApp, formul\u00e1rios de contacto ou chamadas telef\u00f3nicas.<\/p>\n<\/li>\n<\/ul>\n<p class=\"ds-markdown-paragraph\"><strong>B. Informa\u00e7\u00f5es recolhidas automaticamente:<\/strong><\/p>\n<ul>\n<li>\n<p class=\"ds-markdown-paragraph\"><strong>Dados de utiliza\u00e7\u00e3o:<\/strong>\u00a0Informa\u00e7\u00f5es sobre a sua intera\u00e7\u00e3o com o nosso s\u00edtio Web, tais como o seu endere\u00e7o IP, tipo de navegador, informa\u00e7\u00f5es sobre o dispositivo, p\u00e1ginas visitadas, tempo passado nas p\u00e1ginas e endere\u00e7os de s\u00edtios Web de refer\u00eancia. Estas informa\u00e7\u00f5es s\u00e3o recolhidas atrav\u00e9s de cookies e tecnologias de rastreio semelhantes.<\/p>\n<\/li>\n<\/ul>\n<h4>2. Como utilizamos as suas informa\u00e7\u00f5es<\/h4>\n<p class=\"ds-markdown-paragraph\">Utilizamos as informa\u00e7\u00f5es que recolhemos para os seguintes fins:<\/p>\n<ul>\n<li>\n<p class=\"ds-markdown-paragraph\">Para agendar, gerir e confirmar as suas consultas e marca\u00e7\u00f5es.<\/p>\n<\/li>\n<li>\n<p class=\"ds-markdown-paragraph\">Para facilitar a sua viagem de turismo m\u00e9dico, incluindo a log\u00edstica da viagem e do alojamento.<\/p>\n<\/li>\n<li>\n<p class=\"ds-markdown-paragraph\">Para avaliar a sua aptid\u00e3o para os procedimentos est\u00e9ticos solicitados e para fornecer informa\u00e7\u00f5es aos profissionais m\u00e9dicos independentes que o ir\u00e3o tratar.<\/p>\n<\/li>\n<li>\n<p class=\"ds-markdown-paragraph\">Para responder \u00e0s suas perguntas, coment\u00e1rios e pedidos.<\/p>\n<\/li>\n<li>\n<p class=\"ds-markdown-paragraph\">Para processar transac\u00e7\u00f5es e enviar-lhe informa\u00e7\u00f5es relacionadas, incluindo confirma\u00e7\u00f5es e facturas.<\/p>\n<\/li>\n<li>\n<p class=\"ds-markdown-paragraph\">Para lhe enviar informa\u00e7\u00f5es administrativas, tais como actualiza\u00e7\u00f5es das nossas pol\u00edticas.<\/p>\n<\/li>\n<li>\n<p class=\"ds-markdown-paragraph\"><strong>Para fins de marketing:<\/strong>\u00a0Para enviar ao utilizador informa\u00e7\u00f5es sobre servi\u00e7os, ofertas e promo\u00e7\u00f5es que acreditamos que possam ser do seu interesse,\u00a0<strong>mas apenas se nos tiver dado o seu consentimento expl\u00edcito para o fazer.<\/strong>\u00a0O utilizador pode optar por n\u00e3o receber comunica\u00e7\u00f5es de marketing em qualquer altura.<\/p>\n<\/li>\n<li>\n<p class=\"ds-markdown-paragraph\">Para analisar e melhorar o nosso s\u00edtio Web, servi\u00e7os e estrat\u00e9gias de marketing (ver Sec\u00e7\u00e3o 4 sobre Cookies).<\/p>\n<\/li>\n<li>\n<p class=\"ds-markdown-paragraph\">Para proteger os nossos direitos, propriedade ou seguran\u00e7a, bem como os dos nossos utilizadores e terceiros.<\/p>\n<\/li>\n<li>\n<p class=\"ds-markdown-paragraph\">Para cumprir as obriga\u00e7\u00f5es legais e regulamentares.<\/p>\n<\/li>\n<\/ul>\n<h4>3. Base jur\u00eddica para o tratamento (RGPD e KVKK)<\/h4>\n<p class=\"ds-markdown-paragraph\">Processamos os seus dados pessoais com base nos seguintes fundamentos jur\u00eddicos:<\/p>\n<ul>\n<li>\n<p class=\"ds-markdown-paragraph\"><strong>Execu\u00e7\u00e3o de um contrato:<\/strong>\u00a0Para cumprir as nossas obriga\u00e7\u00f5es relacionadas com a reserva e a presta\u00e7\u00e3o de servi\u00e7os do utilizador.<\/p>\n<\/li>\n<li>\n<p class=\"ds-markdown-paragraph\"><strong>Autorizado:<\/strong>\u00a0Para o envio de comunica\u00e7\u00f5es de marketing, para a utiliza\u00e7\u00e3o de cookies n\u00e3o essenciais e para o tratamento de dados de sa\u00fade de categoria especial. O utilizador pode retirar o seu consentimento em qualquer altura.<\/p>\n<\/li>\n<li>\n<p class=\"ds-markdown-paragraph\"><strong>Interesses leg\u00edtimos:<\/strong>\u00a0Para operar o nosso s\u00edtio Web, analisar os dados dos utilizadores e garantir a seguran\u00e7a, desde que os seus direitos fundamentais n\u00e3o se sobreponham a estes interesses.<\/p>\n<\/li>\n<li>\n<p class=\"ds-markdown-paragraph\"><strong>Obriga\u00e7\u00e3o legal:<\/strong>\u00a0Cumprir a regulamenta\u00e7\u00e3o turca em mat\u00e9ria de turismo de sa\u00fade e fiscalidade.<\/p>\n<\/li>\n<\/ul>\n<h4>4. Cookies e tecnologias de rastreio<\/h4>\n<p class=\"ds-markdown-paragraph\">O nosso s\u00edtio Web utiliza cookies e tecnologias de rastreio semelhantes para recolher e utilizar informa\u00e7\u00f5es pessoais sobre o utilizador, incluindo para apresentar publicidade baseada em interesses.<\/p>\n<ul>\n<li>\n<p class=\"ds-markdown-paragraph\"><strong>O que s\u00e3o cookies:<\/strong>\u00a0Os cookies s\u00e3o pequenos ficheiros de dados que s\u00e3o colocados no seu computador ou dispositivo m\u00f3vel quando visita um s\u00edtio Web. S\u00e3o amplamente utilizados para fazer com que os s\u00edtios Web funcionem de forma mais eficiente e para fornecer informa\u00e7\u00f5es sobre relat\u00f3rios.<\/p>\n<\/li>\n<li>\n<p class=\"ds-markdown-paragraph\"><strong>Tipos de cookies que utilizamos:<\/strong><\/p>\n<ul>\n<li>\n<p class=\"ds-markdown-paragraph\"><strong>Cookies essenciais:<\/strong>\u00a0Necess\u00e1rios para o funcionamento do s\u00edtio Web e n\u00e3o podem ser desligados. Normalmente, s\u00f3 s\u00e3o definidos em resposta a ac\u00e7\u00f5es do utilizador, como a defini\u00e7\u00e3o das suas prefer\u00eancias de privacidade ou o preenchimento de formul\u00e1rios.<\/p>\n<\/li>\n<li>\n<p class=\"ds-markdown-paragraph\"><strong>Cookies anal\u00edticos\/de desempenho:<\/strong>\u00a0Permitem-nos contar as visitas e as fontes de tr\u00e1fego para podermos medir e melhorar o desempenho do nosso s\u00edtio. Ajudam-nos a saber quais as p\u00e1ginas mais populares e como os visitantes se movimentam no s\u00edtio. Utilizamos\u00a0<strong>Google Analytics<\/strong>\u00a0para este efeito.<\/p>\n<\/li>\n<li>\n<p class=\"ds-markdown-paragraph\"><strong>Cookies de segmenta\u00e7\u00e3o:<\/strong>\u00a0Estes cookies podem ser instalados no nosso s\u00edtio pelos nossos parceiros publicit\u00e1rios (como\u00a0<strong>Meta Pixel<\/strong>). Podem ser utilizados por essas empresas para criar um perfil dos seus interesses e mostrar-lhe an\u00fancios relevantes noutros s\u00edtios. N\u00e3o armazenam informa\u00e7\u00f5es pessoais diretas, mas baseiam-se na identifica\u00e7\u00e3o exclusiva do seu navegador e dispositivo de Internet.<\/p>\n<\/li>\n<\/ul>\n<\/li>\n<li>\n<p class=\"ds-markdown-paragraph\"><strong>Como controlar os cookies:<\/strong>\u00a0O utilizador pode configurar o seu browser para recusar todos ou alguns cookies do browser ou para o alertar quando os websites configuram ou acedem a cookies. Se desativar ou recusar cookies, tenha em aten\u00e7\u00e3o que algumas partes deste s\u00edtio Web podem ficar inacess\u00edveis ou n\u00e3o funcionar corretamente. O utilizador tamb\u00e9m pode optar por n\u00e3o utilizar o Google Analytics instalando o suplemento do navegador para n\u00e3o utilizar o Google e ajustar as suas prefer\u00eancias de an\u00fancios do Facebook atrav\u00e9s das defini\u00e7\u00f5es da sua conta do Facebook.<\/p>\n<\/li>\n<\/ul>\n<h4>5. Como partilhamos as suas informa\u00e7\u00f5es<\/h4>\n<p class=\"ds-markdown-paragraph\">Podemos partilhar as suas informa\u00e7\u00f5es com:<\/p>\n<ul>\n<li>\n<p class=\"ds-markdown-paragraph\"><strong>Profissionais e cl\u00ednicas m\u00e9dicas independentes:<\/strong>\u00a0Partilhamos as informa\u00e7\u00f5es de sa\u00fade e de contacto necess\u00e1rias com os m\u00e9dicos e cl\u00ednicas licenciados na Turquia que realizar\u00e3o a sua consulta e tratamento.\u00a0<strong>Estes prestadores de servi\u00e7os m\u00e9dicos s\u00e3o obrigados a arquivar os registos dos doentes durante 20 anos.<\/strong><\/p>\n<\/li>\n<li>\n<p class=\"ds-markdown-paragraph\"><strong>Prestadores de servi\u00e7os:<\/strong>\u00a0Terceiros de confian\u00e7a que nos ajudam a operar o nosso s\u00edtio Web, a conduzir o nosso neg\u00f3cio e a servi-lo. Isto inclui:<\/p>\n<ul>\n<li>\n<p class=\"ds-markdown-paragraph\"><strong>Iyzico:<\/strong>\u00a0O nosso parceiro de processamento de pagamentos.<\/p>\n<\/li>\n<li>\n<p class=\"ds-markdown-paragraph\"><strong>Google Analytics e Meta:<\/strong>\u00a0Para an\u00e1lise do s\u00edtio Web e controlo da publicidade.<\/p>\n<\/li>\n<li>\n<p class=\"ds-markdown-paragraph\">Servi\u00e7os inform\u00e1ticos, parceiros hoteleiros e tradutores.<br \/>Estas partes s\u00e3o obrigadas a manter a confidencialidade das suas informa\u00e7\u00f5es.<\/p>\n<\/li>\n<\/ul>\n<\/li>\n<li>\n<p class=\"ds-markdown-paragraph\"><strong>Requisitos legais:<\/strong>\u00a0Podemos divulgar informa\u00e7\u00f5es se formos obrigados a faz\u00ea-lo por lei ou em resposta a pedidos v\u00e1lidos de autoridades p\u00fablicas (por exemplo, um tribunal ou uma ag\u00eancia governamental).<\/p>\n<\/li>\n<li>\n<p class=\"ds-markdown-paragraph\"><strong>Transfer\u00eancias de empresas:<\/strong>\u00a0Em rela\u00e7\u00e3o a uma fus\u00e3o, aquisi\u00e7\u00e3o ou venda da totalidade ou de uma parte dos nossos activos.<\/p>\n<\/li>\n<\/ul>\n<h4>6. Transfer\u00eancias internacionais de dados<\/h4>\n<p class=\"ds-markdown-paragraph\">Enquanto empresa de turismo de sa\u00fade, os seus dados ser\u00e3o transferidos e tratados na Rep\u00fablica da Turquia. Asseguramos que todas as transfer\u00eancias de dados s\u00e3o protegidas por salvaguardas adequadas, conforme exigido pelas leis de prote\u00e7\u00e3o de dados.<\/p>\n<h4>7. Conserva\u00e7\u00e3o de dados<\/h4>\n<p class=\"ds-markdown-paragraph\">Conservaremos os seus dados pessoais apenas durante o tempo necess\u00e1rio para os fins definidos na presente pol\u00edtica e para cumprir as nossas obriga\u00e7\u00f5es legais.<\/p>\n<ul>\n<li>\n<p class=\"ds-markdown-paragraph\"><strong>Registos m\u00e9dicos dos doentes:<\/strong>\u00a0Facilitamos a transfer\u00eancia dos seus dados m\u00e9dicos para o hospital ou cl\u00ednica respons\u00e1vel, que s\u00e3o obrigados pela legisla\u00e7\u00e3o turca a conservar estes registos durante\u00a0<strong>20 anos<\/strong>.<\/p>\n<\/li>\n<li>\n<p class=\"ds-markdown-paragraph\"><strong>Outros dados pessoais:<\/strong>\u00a0Conservaremos outros dados pessoais (por exemplo, informa\u00e7\u00f5es de contacto, pedidos de informa\u00e7\u00e3o, detalhes de reservas) durante o per\u00edodo necess\u00e1rio para cumprir as nossas obriga\u00e7\u00f5es contratuais, prestar-lhe servi\u00e7os e cumprir as nossas obriga\u00e7\u00f5es legais e fiscais (normalmente\u00a0<strong>10 anos<\/strong>\u00a0a partir da data da \u00faltima intera\u00e7\u00e3o, a menos que a lei exija um per\u00edodo mais longo).<\/p>\n<\/li>\n<\/ul>\n<p class=\"ds-markdown-paragraph\">Ap\u00f3s o fim do per\u00edodo de reten\u00e7\u00e3o, os seus dados ser\u00e3o eliminados de forma segura ou tornados an\u00f3nimos.<\/p>\n<h4>8. Os seus direitos de prote\u00e7\u00e3o de dados<\/h4>\n<p class=\"ds-markdown-paragraph\">Dependendo da sua localiza\u00e7\u00e3o e da legisla\u00e7\u00e3o aplic\u00e1vel (como o RGPD ou o KVKK), tem o direito de:<\/p>\n<ul>\n<li>\n<p class=\"ds-markdown-paragraph\"><strong>Acesso<\/strong>\u00a0e receber uma c\u00f3pia dos seus dados pessoais.<\/p>\n<\/li>\n<li>\n<p class=\"ds-markdown-paragraph\"><strong>Retificar<\/strong>\u00a0dados inexactos ou incompletos que possu\u00edmos sobre o utilizador.<\/p>\n<\/li>\n<li>\n<p class=\"ds-markdown-paragraph\"><strong>Apagar<\/strong>\u00a0os seus dados pessoais (\"direito a ser esquecido\") em determinadas condi\u00e7\u00f5es.<\/p>\n<\/li>\n<li>\n<p class=\"ds-markdown-paragraph\"><strong>Restringir<\/strong>\u00a0o tratamento dos seus dados.<\/p>\n<\/li>\n<li>\n<p class=\"ds-markdown-paragraph\"><strong>Objeto<\/strong>\u00a0ao tratamento com base em interesses leg\u00edtimos.<\/p>\n<\/li>\n<li>\n<p class=\"ds-markdown-paragraph\"><strong>Portabilidade dos dados:<\/strong>\u00a0Receber os seus dados num formato estruturado e leg\u00edvel por m\u00e1quina.<\/p>\n<\/li>\n<li>\n<p class=\"ds-markdown-paragraph\"><strong>Retirar o consentimento<\/strong>\u00a0em qualquer altura, quando dependemos do seu consentimento para tratar os seus dados.<\/p>\n<\/li>\n<li>\n<p class=\"ds-markdown-paragraph\"><strong>Desativa\u00e7\u00e3o das comunica\u00e7\u00f5es de marketing:<\/strong>\u00a0Pode anular a subscri\u00e7\u00e3o das nossas mensagens de marketing por correio eletr\u00f3nico clicando na liga\u00e7\u00e3o \"anular a subscri\u00e7\u00e3o\" que estas cont\u00eam.<\/p>\n<\/li>\n<\/ul>\n<p class=\"ds-markdown-paragraph\">Para exercer qualquer um destes direitos, contacte-nos utilizando os dados fornecidos na sec\u00e7\u00e3o \"Contacte-nos\" abaixo.<\/p>\n<h4>9. Seguran\u00e7a dos dados<\/h4>\n<p class=\"ds-markdown-paragraph\">Implementamos medidas t\u00e9cnicas e organizacionais adequadas para proteger os seus dados pessoais contra o acesso n\u00e3o autorizado, altera\u00e7\u00e3o, divulga\u00e7\u00e3o ou destrui\u00e7\u00e3o. No entanto, nenhum m\u00e9todo de transmiss\u00e3o atrav\u00e9s da Internet ou de armazenamento eletr\u00f3nico \u00e9 100% seguro e n\u00e3o podemos garantir a sua seguran\u00e7a absoluta.<\/p>\n<h4>10. Privacidade das crian\u00e7as<\/h4>\n<p class=\"ds-markdown-paragraph\">Os nossos servi\u00e7os n\u00e3o se destinam a pessoas com idade inferior a 18 anos. N\u00e3o recolhemos intencionalmente dados pessoais de crian\u00e7as. Se \u00e9 pai ou tutor e acredita que o seu filho nos forneceu dados, contacte-nos e n\u00f3s eliminaremos esses dados.<\/p>\n<h4>11. Altera\u00e7\u00f5es \u00e0 presente pol\u00edtica de privacidade<\/h4>\n<p class=\"ds-markdown-paragraph\">Poderemos atualizar esta pol\u00edtica periodicamente. A vers\u00e3o actualizada ser\u00e1 indicada por uma nova data de \"\u00daltima atualiza\u00e7\u00e3o\" e entrar\u00e1 em vigor imediatamente ap\u00f3s a sua publica\u00e7\u00e3o. Recomendamos que reveja esta pol\u00edtica periodicamente para se manter informado sobre a forma como estamos a proteger as suas informa\u00e7\u00f5es.<\/p>\n<h4>12. Contactar-nos<\/h4>\n<p class=\"ds-markdown-paragraph\">Se tiver quaisquer quest\u00f5es, preocupa\u00e7\u00f5es ou pedidos relativos a esta Pol\u00edtica de Privacidade ou \u00e0s nossas pr\u00e1ticas de dados, contacte-nos atrav\u00e9s de<\/p>\n<p class=\"ds-markdown-paragraph\"><strong>Max Group Tourism D\u0131\u015f Ticaret Limited \u015eirketi<\/strong><br \/>15 TEMMUZ MAH. BAHAR CAD. TOYA NEXT A2 NO: 3 -5\/2 I\u00c7<br \/>KAPI NO: 223 BAGCILAR\/ ISTANBUL<br \/><strong>Correio eletr\u00f3nico:<\/strong>\u00a0<a href=\"https:\/\/mailto:info@maxaesthetics.tr\/\" target=\"_blank\" rel=\"noopener noreferrer\">clique aqui para enviar uma mensagem de correio eletr\u00f3nico<\/a><br \/><strong>Telefone:<\/strong> +90 545 450 4976<\/p>\n\n\t\t<\/div>\n\t\t\t\t\t<\/div>\n\n\t\n\n<\/div>\n\n\t\t<\/div>\n\n\t\t\n<style>\n#section_1546246852 {\n  padding-top: 30px;\n  padding-bottom: 30px;\n}\n<\/style>\n\t<\/section>","protected":false},"excerpt":{"rendered":"","protected":false},"author":1,"featured_media":0,"parent":0,"menu_order":63,"comment_status":"closed","ping_status":"closed","template":"page-blank-title-center.php","meta":{"footnotes":""},"class_list":["post-3","page","type-page","status-publish","hentry"],"yoast_head":"<!-- This site is optimized with the Yoast SEO Premium plugin v22.3 (Yoast SEO v26.9) - https:\/\/yoast.com\/product\/yoast-seo-premium-wordpress\/ -->\n<title>Privacy Policy | Procedure, Recovery, Complications, and More<\/title>\n<meta name=\"robots\" content=\"index, follow, max-snippet:-1, max-image-preview:large, max-video-preview:-1\" \/>\n<link rel=\"canonical\" href=\"https:\/\/www.maxaesthetics.tr\/pt\/privacy-policy\/\" \/>\n<meta property=\"og:locale\" content=\"pt_PT\" \/>\n<meta property=\"og:type\" content=\"article\" \/>\n<meta property=\"og:title\" content=\"Privacy Policy\" \/>\n<meta property=\"og:url\" content=\"https:\/\/www.maxaesthetics.tr\/pt\/privacy-policy\/\" \/>\n<meta property=\"og:site_name\" content=\"Max Aesthetics\" \/>\n<meta property=\"article:publisher\" content=\"https:\/\/www.facebook.com\/MaxAestheticsTr\" \/>\n<meta property=\"article:modified_time\" content=\"2025-08-26T20:13:25+00:00\" \/>\n<meta property=\"og:image\" content=\"https:\/\/www.maxaesthetics.tr\/wp-content\/uploads\/PlasticBgDeneme.jpg\" \/>\n\t<meta property=\"og:image:width\" content=\"1920\" \/>\n\t<meta property=\"og:image:height\" content=\"1080\" \/>\n\t<meta property=\"og:image:type\" content=\"image\/jpeg\" \/>\n<meta name=\"twitter:card\" content=\"summary_large_image\" \/>\n<meta name=\"twitter:label1\" content=\"Tempo estimado de leitura\" \/>\n\t<meta name=\"twitter:data1\" content=\"7 minutos\" \/>\n<script type=\"application\/ld+json\" class=\"yoast-schema-graph\">{\"@context\":\"https:\/\/schema.org\",\"@graph\":[{\"@type\":[\"WebPage\",\"MedicalWebPage\"],\"@id\":\"https:\/\/www.maxaesthetics.tr\/privacy-policy\/\",\"url\":\"https:\/\/www.maxaesthetics.tr\/privacy-policy\/\",\"name\":\"Privacy Policy | Procedure, Recovery, Complications, and More\",\"isPartOf\":{\"@id\":\"https:\/\/www.maxaesthetics.tr\/#website\"},\"datePublished\":\"2020-05-27T17:38:01+00:00\",\"dateModified\":\"2025-08-26T20:13:25+00:00\",\"breadcrumb\":{\"@id\":\"https:\/\/www.maxaesthetics.tr\/privacy-policy\/#breadcrumb\"},\"inLanguage\":\"pt-PT\",\"potentialAction\":[{\"@type\":\"ReadAction\",\"target\":[\"https:\/\/www.maxaesthetics.tr\/privacy-policy\/\"]}]},{\"@type\":\"BreadcrumbList\",\"@id\":\"https:\/\/www.maxaesthetics.tr\/privacy-policy\/#breadcrumb\",\"itemListElement\":[{\"@type\":\"ListItem\",\"position\":1,\"name\":\"Home\",\"item\":\"https:\/\/www.maxaesthetics.tr\/\"},{\"@type\":\"ListItem\",\"position\":2,\"name\":\"Privacy Policy\"}]},{\"@type\":\"WebSite\",\"@id\":\"https:\/\/www.maxaesthetics.tr\/#website\",\"url\":\"https:\/\/www.maxaesthetics.tr\/\",\"name\":\"Max Aesthetics\",\"description\":\"The Leading Provider of Aesthetic and Cosmetic Surgery in Istanbul\",\"publisher\":{\"@id\":\"https:\/\/www.maxaesthetics.tr\/#organization\"},\"potentialAction\":[{\"@type\":\"SearchAction\",\"target\":{\"@type\":\"EntryPoint\",\"urlTemplate\":\"https:\/\/www.maxaesthetics.tr\/?s={search_term_string}\"},\"query-input\":{\"@type\":\"PropertyValueSpecification\",\"valueRequired\":true,\"valueName\":\"search_term_string\"}}],\"inLanguage\":\"pt-PT\"},{\"@type\":\"Organization\",\"@id\":\"https:\/\/www.maxaesthetics.tr\/#organization\",\"name\":\"Max Aesthetics & Hair Transplant\",\"url\":\"https:\/\/www.maxaesthetics.tr\/\",\"logo\":{\"@type\":\"ImageObject\",\"inLanguage\":\"pt-PT\",\"@id\":\"https:\/\/www.maxaesthetics.tr\/#\/schema\/logo\/image\/\",\"url\":\"\",\"contentUrl\":\"\",\"caption\":\"Max Aesthetics & Hair Transplant\"},\"image\":{\"@id\":\"https:\/\/www.maxaesthetics.tr\/#\/schema\/logo\/image\/\"},\"sameAs\":[\"https:\/\/www.facebook.com\/MaxAestheticsTr\",\"https:\/\/www.instagram.com\/maxaestheticstr\/\"]}]}<\/script>\n<!-- \/ Yoast SEO Premium plugin. -->","yoast_head_json":{"title":"Privacy Policy | Procedure, Recovery, Complications, and More","robots":{"index":"index","follow":"follow","max-snippet":"max-snippet:-1","max-image-preview":"max-image-preview:large","max-video-preview":"max-video-preview:-1"},"canonical":"https:\/\/www.maxaesthetics.tr\/pt\/privacy-policy\/","og_locale":"pt_PT","og_type":"article","og_title":"Privacy Policy","og_url":"https:\/\/www.maxaesthetics.tr\/pt\/privacy-policy\/","og_site_name":"Max Aesthetics","article_publisher":"https:\/\/www.facebook.com\/MaxAestheticsTr","article_modified_time":"2025-08-26T20:13:25+00:00","og_image":[{"width":1920,"height":1080,"url":"https:\/\/www.maxaesthetics.tr\/wp-content\/uploads\/PlasticBgDeneme.jpg","type":"image\/jpeg"}],"twitter_card":"summary_large_image","twitter_misc":{"Tempo estimado de leitura":"7 minutos"},"schema":{"@context":"https:\/\/schema.org","@graph":[{"@type":["WebPage","MedicalWebPage"],"@id":"https:\/\/www.maxaesthetics.tr\/privacy-policy\/","url":"https:\/\/www.maxaesthetics.tr\/privacy-policy\/","name":"Privacy Policy | Procedure, Recovery, Complications, and More","isPartOf":{"@id":"https:\/\/www.maxaesthetics.tr\/#website"},"datePublished":"2020-05-27T17:38:01+00:00","dateModified":"2025-08-26T20:13:25+00:00","breadcrumb":{"@id":"https:\/\/www.maxaesthetics.tr\/privacy-policy\/#breadcrumb"},"inLanguage":"pt-PT","potentialAction":[{"@type":"ReadAction","target":["https:\/\/www.maxaesthetics.tr\/privacy-policy\/"]}]},{"@type":"BreadcrumbList","@id":"https:\/\/www.maxaesthetics.tr\/privacy-policy\/#breadcrumb","itemListElement":[{"@type":"ListItem","position":1,"name":"Home","item":"https:\/\/www.maxaesthetics.tr\/"},{"@type":"ListItem","position":2,"name":"Privacy Policy"}]},{"@type":"WebSite","@id":"https:\/\/www.maxaesthetics.tr\/#website","url":"https:\/\/www.maxaesthetics.tr\/","name":"Est\u00e9tica Max","description":"O principal fornecedor de cirurgia est\u00e9tica e cosm\u00e9tica em Istambul","publisher":{"@id":"https:\/\/www.maxaesthetics.tr\/#organization"},"potentialAction":[{"@type":"SearchAction","target":{"@type":"EntryPoint","urlTemplate":"https:\/\/www.maxaesthetics.tr\/?s={search_term_string}"},"query-input":{"@type":"PropertyValueSpecification","valueRequired":true,"valueName":"search_term_string"}}],"inLanguage":"pt-PT"},{"@type":"Organization","@id":"https:\/\/www.maxaesthetics.tr\/#organization","name":"Max Est\u00e9tica e Transplante Capilar","url":"https:\/\/www.maxaesthetics.tr\/","logo":{"@type":"ImageObject","inLanguage":"pt-PT","@id":"https:\/\/www.maxaesthetics.tr\/#\/schema\/logo\/image\/","url":"","contentUrl":"","caption":"Max Aesthetics & Hair Transplant"},"image":{"@id":"https:\/\/www.maxaesthetics.tr\/#\/schema\/logo\/image\/"},"sameAs":["https:\/\/www.facebook.com\/MaxAestheticsTr","https:\/\/www.instagram.com\/maxaestheticstr\/"]}]}},"_links":{"self":[{"href":"https:\/\/www.maxaesthetics.tr\/pt\/wp-json\/wp\/v2\/pages\/3","targetHints":{"allow":["GET"]}}],"collection":[{"href":"https:\/\/www.maxaesthetics.tr\/pt\/wp-json\/wp\/v2\/pages"}],"about":[{"href":"https:\/\/www.maxaesthetics.tr\/pt\/wp-json\/wp\/v2\/types\/page"}],"author":[{"embeddable":true,"href":"https:\/\/www.maxaesthetics.tr\/pt\/wp-json\/wp\/v2\/users\/1"}],"replies":[{"embeddable":true,"href":"https:\/\/www.maxaesthetics.tr\/pt\/wp-json\/wp\/v2\/comments?post=3"}],"version-history":[{"count":2,"href":"https:\/\/www.maxaesthetics.tr\/pt\/wp-json\/wp\/v2\/pages\/3\/revisions"}],"predecessor-version":[{"id":9776,"href":"https:\/\/www.maxaesthetics.tr\/pt\/wp-json\/wp\/v2\/pages\/3\/revisions\/9776"}],"wp:attachment":[{"href":"https:\/\/www.maxaesthetics.tr\/pt\/wp-json\/wp\/v2\/media?parent=3"}],"curies":[{"name":"wp","href":"https:\/\/api.w.org\/{rel}","templated":true}]}}